{"id":8472,"date":"2024-07-15T13:35:19","date_gmt":"2024-07-15T11:35:19","guid":{"rendered":"https:\/\/www.neveclinic.ch\/dental-care\/"},"modified":"2024-09-11T10:12:48","modified_gmt":"2024-09-11T08:12:48","slug":"dental-care","status":"publish","type":"page","link":"https:\/\/www.neveclinic.ch\/en\/dental-care\/","title":{"rendered":"Dental care"},"content":{"rendered":"\n<style type=\"text\/css\" data-created_by=\"avia_inline_auto\" id=\"style-css-av-7omii-87c9ff3dbdda082d487591a9351a107d\">\n.avia-section.av-7omii-87c9ff3dbdda082d487591a9351a107d .av-parallax .av-parallax-inner{\nbackground-repeat:no-repeat;\nbackground-image:url(https:\/\/www.neveclinic.ch\/wp-content\/uploads\/iStock-530590568-1-1030x684.jpg);\nbackground-position:50% 50%;\nbackground-attachment:scroll;\n}\n<\/style>\n<div id='av_section_1'  class='avia-section av-7omii-87c9ff3dbdda082d487591a9351a107d main_color avia-section-huge avia-no-shadow  avia-builder-el-0  el_before_av_section  avia-builder-el-first  av-small-hide av-mini-hide avia-full-stretch av-parallax-section avia-bg-style-parallax av-minimum-height av-minimum-height-100 av-height-100  container_wrap sidebar_right'  data-section-bg-repeat='stretch' data-av_minimum_height_pc='100' data-av_min_height_opt='100'><div class='av-parallax' data-avia-parallax-ratio='0.3' ><div class='av-parallax-inner main_color avia-full-stretch'><\/div><\/div><div class='container av-section-cont-open' ><main  role=\"main\" itemprop=\"mainContentOfPage\"  class='template-page content  av-content-small alpha units'><div class='post-entry post-entry-type-page post-entry-8472'><div class='entry-content-wrapper clearfix'>\n\n<style type=\"text\/css\" data-created_by=\"avia_inline_auto\" id=\"style-css-av-k8vquzro-173f933ccbcf9df8015237bfd4365020\">\n#top .av-special-heading.av-k8vquzro-173f933ccbcf9df8015237bfd4365020{\npadding-bottom:10px;\ncolor:#000000;\nfont-size:34px;\n}\nbody .av-special-heading.av-k8vquzro-173f933ccbcf9df8015237bfd4365020 .av-special-heading-tag .heading-char{\nfont-size:25px;\n}\n#top #wrap_all .av-special-heading.av-k8vquzro-173f933ccbcf9df8015237bfd4365020 .av-special-heading-tag{\nfont-size:34px;\n}\n.av-special-heading.av-k8vquzro-173f933ccbcf9df8015237bfd4365020 .special-heading-inner-border{\nborder-color:#000000;\n}\n.av-special-heading.av-k8vquzro-173f933ccbcf9df8015237bfd4365020 .av-subheading{\nfont-size:15px;\n}\n\n@media only screen and (min-width: 480px) and (max-width: 767px){ \n#top #wrap_all .av-special-heading.av-k8vquzro-173f933ccbcf9df8015237bfd4365020 .av-special-heading-tag{\nfont-size:0.8em;\n}\n}\n\n@media only screen and (max-width: 479px){ \n#top #wrap_all .av-special-heading.av-k8vquzro-173f933ccbcf9df8015237bfd4365020 .av-special-heading-tag{\nfont-size:0.8em;\n}\n}\n<\/style>\n<div  class='av-special-heading av-k8vquzro-173f933ccbcf9df8015237bfd4365020 av-special-heading-h1 custom-color-heading blockquote modern-quote  avia-builder-el-1  el_before_av_hr  avia-builder-el-first  av-inherit-size'><h1 class='av-special-heading-tag '  itemprop=\"headline\"  >Dental care<\/h1><div class=\"special-heading-border\"><div class=\"special-heading-inner-border\"><\/div><\/div><\/div>\n\n<style type=\"text\/css\" data-created_by=\"avia_inline_auto\" id=\"style-css-av-5wduy-4c97a5e99cd44fd374c386ed07b691df\">\n#top .hr.av-5wduy-4c97a5e99cd44fd374c386ed07b691df{\nmargin-top:30px;\nmargin-bottom:30px;\n}\n.hr.av-5wduy-4c97a5e99cd44fd374c386ed07b691df .hr-inner{\nwidth:50px;\nborder-color:#000000;\n}\n<\/style>\n<div  class='hr av-5wduy-4c97a5e99cd44fd374c386ed07b691df hr-custom  avia-builder-el-2  el_after_av_heading  avia-builder-el-last  hr-left hr-icon-no'><span class='hr-inner inner-border-av-border-fat'><span class=\"hr-inner-style\"><\/span><\/span><\/div>\n<\/div><\/div><\/main><!-- close content main element --><\/div><\/div>\n<style type=\"text\/css\" data-created_by=\"avia_inline_auto\" id=\"style-css-av-l8hwu-e38d997702333be5376f1c0120cbe827\">\n.avia-section.av-l8hwu-e38d997702333be5376f1c0120cbe827 .av-parallax .av-parallax-inner{\nbackground-color:#43d6e0;\nbackground-repeat:no-repeat;\nbackground-image:url(https:\/\/www.neveclinic.ch\/wp-content\/uploads\/Dentiste-image-de-fond.png), linear-gradient( to left, #43d6e0, rgba(67,214,224,0.58) );\nbackground-position:50% 50%;\nbackground-attachment:scroll;\n}\n<\/style>\n<div id='av_section_2'  class='avia-section av-l8hwu-e38d997702333be5376f1c0120cbe827 main_color avia-section-no-padding avia-no-shadow  avia-builder-el-3  el_after_av_section  el_before_av_section  av-desktop-hide av-medium-hide avia-full-stretch av-parallax-section avia-bg-style-parallax container_wrap sidebar_right'  data-section-bg-repeat='stretch'><div class='av-parallax' data-avia-parallax-ratio='0.3' ><div class='av-parallax-inner main_color avia-full-stretch'><\/div><\/div><div class='container av-section-cont-open' ><div class='template-page content  av-content-small alpha units'><div class='post-entry post-entry-type-page post-entry-8472'><div class='entry-content-wrapper clearfix'>\n\n<style type=\"text\/css\" data-created_by=\"avia_inline_auto\" id=\"style-css-av-kzwvk8m8-9981b002bfc398658d54fd9c343c8bd7\">\n#top .av-special-heading.av-kzwvk8m8-9981b002bfc398658d54fd9c343c8bd7{\nmargin:25px 0 0 0;\npadding-bottom:10px;\ncolor:#000000;\n}\nbody .av-special-heading.av-kzwvk8m8-9981b002bfc398658d54fd9c343c8bd7 .av-special-heading-tag .heading-char{\nfont-size:25px;\n}\n.av-special-heading.av-kzwvk8m8-9981b002bfc398658d54fd9c343c8bd7 .special-heading-inner-border{\nborder-color:#000000;\n}\n.av-special-heading.av-kzwvk8m8-9981b002bfc398658d54fd9c343c8bd7 .av-subheading{\nfont-size:15px;\n}\n<\/style>\n<div  class='av-special-heading av-kzwvk8m8-9981b002bfc398658d54fd9c343c8bd7 av-special-heading-h2 custom-color-heading blockquote modern-quote modern-centered  avia-builder-el-4  el_before_av_hr  avia-builder-el-first '><h2 class='av-special-heading-tag '  itemprop=\"headline\"  >Dental care<\/h2><div class=\"special-heading-border\"><div class=\"special-heading-inner-border\"><\/div><\/div><\/div>\n\n<style type=\"text\/css\" data-created_by=\"avia_inline_auto\" id=\"style-css-av-gzyee-02dd12bb7f168491edee1cfedc73f73d\">\n#top .hr.av-gzyee-02dd12bb7f168491edee1cfedc73f73d{\nmargin-top:30px;\nmargin-bottom:30px;\n}\n.hr.av-gzyee-02dd12bb7f168491edee1cfedc73f73d .hr-inner{\nwidth:50px;\nborder-color:#000000;\n}\n<\/style>\n<div  class='hr av-gzyee-02dd12bb7f168491edee1cfedc73f73d hr-custom  avia-builder-el-5  el_after_av_heading  avia-builder-el-last  hr-center hr-icon-no'><span class='hr-inner inner-border-av-border-fat'><span class=\"hr-inner-style\"><\/span><\/span><\/div>\n<\/p>\n<\/div><\/div><\/div><!-- close content main div --><\/div><\/div><div id='av_section_3'  class='avia-section av-9wkq6-f80df8a674302e41f1be49d15eb1b398 main_color avia-section-default avia-no-border-styling  avia-builder-el-6  el_after_av_section  el_before_av_section  av-desktop-hide av-medium-hide avia-bg-style-scroll container_wrap sidebar_right'  ><div class='container av-section-cont-open' ><div class='template-page content  av-content-small alpha units'><div class='post-entry post-entry-type-page post-entry-8472'><div class='entry-content-wrapper clearfix'>\n\n<style type=\"text\/css\" data-created_by=\"avia_inline_auto\" id=\"style-css-av-kzwvldog-3d78397a55f6e8affa44a74e747a2dfa\">\n.avia-image-container.av-kzwvldog-3d78397a55f6e8affa44a74e747a2dfa img.avia_image{\nbox-shadow:none;\n}\n.avia-image-container.av-kzwvldog-3d78397a55f6e8affa44a74e747a2dfa .av-caption-image-overlay-bg{\nopacity:0.4;\n}\n<\/style>\n<div  class='avia-image-container av-kzwvldog-3d78397a55f6e8affa44a74e747a2dfa av-styling- av-img-linked avia-align-center  avia-builder-el-7  avia-builder-el-no-sibling  noHover av-overlay-hover-deactivate'   itemprop=\"image\" itemscope=\"itemscope\" itemtype=\"https:\/\/schema.org\/ImageObject\" ><div class=\"avia-image-container-inner\"><div class=\"avia-image-overlay-wrap\"><a href=\"https:\/\/www.neveclinic.ch\/wp-content\/uploads\/iStock-530590568-1-1030x684.jpg\" data-srcset=\"https:\/\/www.neveclinic.ch\/wp-content\/uploads\/iStock-530590568-1-1030x684.jpg 1030w, https:\/\/www.neveclinic.ch\/wp-content\/uploads\/iStock-530590568-1-300x199.jpg 300w, https:\/\/www.neveclinic.ch\/wp-content\/uploads\/iStock-530590568-1-768x510.jpg 768w, https:\/\/www.neveclinic.ch\/wp-content\/uploads\/iStock-530590568-1-1536x1020.jpg 1536w, https:\/\/www.neveclinic.ch\/wp-content\/uploads\/iStock-530590568-1-2048x1360.jpg 2048w, https:\/\/www.neveclinic.ch\/wp-content\/uploads\/iStock-530590568-1-1500x996.jpg 1500w, https:\/\/www.neveclinic.ch\/wp-content\/uploads\/iStock-530590568-1-705x468.jpg 705w\" data-sizes=\"(max-width: 1030px) 100vw, 1030px\" class='avia_image '  aria-label='iStock-530590568'><div class=\"av-image-caption-overlay\"><div class=\"av-caption-image-overlay-bg\"><\/div><div class=\"av-image-caption-overlay-position\"><div class=\"av-image-caption-overlay-center\"><\/div><\/div><\/div><img decoding=\"async\" fetchpriority=\"high\" class='wp-image-7418 avia-img-lazy-loading-not-7418 avia_image ' src=\"https:\/\/www.neveclinic.ch\/wp-content\/uploads\/iStock-530590568-1-1030x684.jpg\" alt='' title='iStock-530590568'  height=\"684\" width=\"1030\"  itemprop=\"thumbnailUrl\" srcset=\"https:\/\/www.neveclinic.ch\/wp-content\/uploads\/iStock-530590568-1-1030x684.jpg 1030w, https:\/\/www.neveclinic.ch\/wp-content\/uploads\/iStock-530590568-1-300x199.jpg 300w, https:\/\/www.neveclinic.ch\/wp-content\/uploads\/iStock-530590568-1-768x510.jpg 768w, https:\/\/www.neveclinic.ch\/wp-content\/uploads\/iStock-530590568-1-1536x1020.jpg 1536w, https:\/\/www.neveclinic.ch\/wp-content\/uploads\/iStock-530590568-1-2048x1360.jpg 2048w, https:\/\/www.neveclinic.ch\/wp-content\/uploads\/iStock-530590568-1-1500x996.jpg 1500w, https:\/\/www.neveclinic.ch\/wp-content\/uploads\/iStock-530590568-1-705x468.jpg 705w\" sizes=\"(max-width: 1030px) 100vw, 1030px\" \/><\/a><\/div><\/div><\/div>\n\n<\/div><\/div><\/div><!-- close content main div --><\/div><\/div><div id='av_section_4'  class='avia-section av-4qy89m-09ca696d43a26b5b32bb68f0b094bf0c main_color avia-section-default avia-no-border-styling  avia-builder-el-8  el_after_av_section  el_before_av_promobox  avia-bg-style-scroll container_wrap sidebar_right'  ><div class='container av-section-cont-open' ><div class='template-page content  av-content-small alpha units'><div class='post-entry post-entry-type-page post-entry-8472'><div class='entry-content-wrapper clearfix'>\n\n<style type=\"text\/css\" data-created_by=\"avia_inline_auto\" id=\"style-css-av-ke407omv-f986896b6a1c64009f969a984b122cb3\">\n#top .av-special-heading.av-ke407omv-f986896b6a1c64009f969a984b122cb3{\npadding-bottom:10px;\nfont-size:28px;\n}\nbody .av-special-heading.av-ke407omv-f986896b6a1c64009f969a984b122cb3 .av-special-heading-tag .heading-char{\nfont-size:25px;\n}\n#top #wrap_all .av-special-heading.av-ke407omv-f986896b6a1c64009f969a984b122cb3 .av-special-heading-tag{\nfont-size:28px;\n}\n.av-special-heading.av-ke407omv-f986896b6a1c64009f969a984b122cb3 .av-subheading{\nfont-size:15px;\n}\n\n@media only screen and (min-width: 480px) and (max-width: 767px){ \n#top #wrap_all .av-special-heading.av-ke407omv-f986896b6a1c64009f969a984b122cb3 .av-special-heading-tag{\nfont-size:0.8em;\n}\n}\n\n@media only screen and (max-width: 479px){ \n#top #wrap_all .av-special-heading.av-ke407omv-f986896b6a1c64009f969a984b122cb3 .av-special-heading-tag{\nfont-size:0.8em;\n}\n}\n<\/style>\n<div  class='av-special-heading av-ke407omv-f986896b6a1c64009f969a984b122cb3 av-special-heading-h3 blockquote modern-quote  avia-builder-el-9  el_before_av_hr  avia-builder-el-first  av-inherit-size'><h3 class='av-special-heading-tag '  itemprop=\"headline\"  >Dental treatment in Geneva<\/h3><div class=\"special-heading-border\"><div class=\"special-heading-inner-border\"><\/div><\/div><\/div>\n\n<style type=\"text\/css\" data-created_by=\"avia_inline_auto\" id=\"style-css-av-2hlrvu-9d8e52c6c04a7080499cf05bdd21fabd\">\n#top .hr.av-2hlrvu-9d8e52c6c04a7080499cf05bdd21fabd{\nmargin-top:30px;\nmargin-bottom:30px;\n}\n.hr.av-2hlrvu-9d8e52c6c04a7080499cf05bdd21fabd .hr-inner{\nwidth:50px;\nborder-color:#000000;\n}\n<\/style>\n<div  class='hr av-2hlrvu-9d8e52c6c04a7080499cf05bdd21fabd hr-custom  avia-builder-el-10  el_after_av_heading  el_before_av_textblock  hr-left hr-icon-no'><span class='hr-inner inner-border-av-border-fat'><span class=\"hr-inner-style\"><\/span><\/span><\/div>\n\n<style type=\"text\/css\" data-created_by=\"avia_inline_auto\" id=\"style-css-av-ly1xil19-8f60fa55375d9454e22326035f53410a\">\n#top .av_textblock_section.av-ly1xil19-8f60fa55375d9454e22326035f53410a .avia_textblock{\nfont-size:15px;\n}\n<\/style>\n<section  class='av_textblock_section av-ly1xil19-8f60fa55375d9454e22326035f53410a '   itemscope=\"itemscope\" itemtype=\"https:\/\/schema.org\/CreativeWork\" ><div class='avia_textblock'  itemprop=\"text\" ><p>Welcome to the dental care page of N\u00e9v\u00e9 Dental Clinic, located in the heart of Geneva. Our team of specialists is here to meet all your dental care needs, combining professionalism, modernity, and a constant concern for your well-being.<\/p>\n<h4>Why seek regular dental care?<\/h4>\n<p>Regular dental care is essential for maintaining good oral health. Regular visits to the dentist help prevent dental problems, detect diseases at an early stage, and treat conditions before they become serious. Moreover, good oral hygiene contributes to better overall health and greater self-confidence.<\/p>\n<h4>Our approach: professionalism and humanity<\/h4>\n<p>At N\u00e9v\u00e9, we believe in an integrated and human approach to dental care. From the first consultation, our dedicated team takes the time to listen to your concerns and answer your questions. We offer you a reassuring and stress-free experience, with clear and detailed explanations of every step of your treatment.<\/p>\n<h4>The different types of dental care<\/h4>\n<h5>Dental check-up:<\/h5>\n<p>We perform a comprehensive examination of your teeth, gums, and mouth. This allows us to detect cavities, gum disease, and other oral health problems at an early stage.<\/p>\n<h5>Dental emergency:<\/h5>\n<p>In case of an emergency, such as a broken tooth or acute pain, we act quickly to relieve the pain and treat the problem effectively. Our team is ready to handle any emergency situation to ensure your comfort and health.<\/p>\n<h5>Cavity treatment:<\/h5>\n<p>We use modern techniques and high-quality materials to treat dental cavities. Our fillings and restorations are durable and aesthetic, allowing you to regain a healthy tooth without compromising your smile.<\/p>\n<h5>Endodontics:<\/h5>\n<p>For infections or inflammations of the dental pulp, we offer endodontic treatments, such as root canal treatments. These procedures allow us to save your natural teeth while eliminating pain and infection.<\/p>\n<h5>Teeth whitening:<\/h5>\n<p>To improve the appearance of your smile, we offer professional teeth whitening treatments. These treatments are safe and effective, providing visible and lasting results for whiter, brighter teeth.<\/p>\n<h4>How does a dental care consultation proceed?<\/h4>\n<p><strong>Initial consultation:<\/strong> During your first visit, we perform a comprehensive examination and discuss your medical and dental history. We listen to your concerns and your goals for oral health.<\/p>\n<p><strong>Personalized treatment plan:<\/strong> We develop a personalized treatment plan based on your specific needs. We explain each step of the plan and answer all your questions.<\/p>\n<p><strong>Follow-up and maintenance:<\/strong> We schedule regular follow-up visits to monitor your oral health and perform necessary care. We also provide you with advice on at-home oral hygiene.<\/p>\n<p>We are here to help you maintain excellent oral health and a bright smile. Do not hesitate to contact us for more information or to schedule a consultation. We are committed to providing you with quality dental care in a safe and welcoming environment.<\/p>\n<\/div><\/section>\n<\/div><\/div><\/div><!-- close content main div --><\/div><\/div><div id='after_section_4'  class='main_color av_default_container_wrap container_wrap sidebar_right'  ><div class='container av-section-cont-open' ><div class='template-page content  av-content-small alpha units'><div class='post-entry post-entry-type-page post-entry-8472'><div class='entry-content-wrapper clearfix'><div  class='av_promobox av-2x1bvu-e3c1d18a75c497e25b1d041a2b6c655f avia-button-yes  avia-builder-el-12  el_after_av_section  avia-builder-el-no-sibling '><div class='avia-promocontent'><\/p>\n<p>For more information, click to schedule an appointment at N\u00e9v\u00e9 Clinic:<\/p>\n<p>\n<\/div><div  class='avia-button-wrap av-2x1bvu-f45d2f0bba290ecc1d817b5fc0d16b7c-wrap avia-button-right '>\n<style type=\"text\/css\" data-created_by=\"avia_inline_auto\" id=\"style-css-av-2x1bvu-f45d2f0bba290ecc1d817b5fc0d16b7c\">\n#top #wrap_all .avia-button.av-2x1bvu-f45d2f0bba290ecc1d817b5fc0d16b7c{\nbackground-color:#43d6e0;\nborder-color:#43d6e0;\ncolor:#ffffff;\ntransition:all 0.4s ease-in-out;\n}\n#top #wrap_all .avia-button.av-2x1bvu-f45d2f0bba290ecc1d817b5fc0d16b7c .avia-svg-icon svg:first-child{\nfill:#ffffff;\nstroke:#ffffff;\n}\n<\/style>\n<a href='https:\/\/www.neveclinic.ch\/en\/make-an-appointment-online\/'  class='avia-button av-2x1bvu-f45d2f0bba290ecc1d817b5fc0d16b7c av-link-btn avia-icon_select-yes-left-icon avia-size-large avia-position-right'   aria-label=\"Make an Appointment\"><span class='avia_button_icon avia_button_icon_left avia-iconfont avia-font-entypo-fontello' data-av_icon='\ue841' data-av_iconfont='entypo-fontello' ><\/span><span class='avia_iconbox_title' >Make an Appointment<\/span><\/a><\/div><\/div><\/p>\n","protected":false},"excerpt":{"rendered":"","protected":false},"author":3,"featured_media":0,"parent":0,"menu_order":0,"comment_status":"closed","ping_status":"closed","template":"","meta":{"_yoast_wpseo_focuskw":"Dental care","_yoast_wpseo_title":"%%title%% %%page%% %%sep%% %%sitename%% %%sep%% Geneva","_yoast_wpseo_metadesc":"Discover the dental care procedures performed by specialist dental doctors at N\u00e9v\u00e9 dental clinic in Geneva.","rank_math_description":"","rank_math_focus_keyword":"","rank_math_title":"","footnotes":""},"class_list":["post-8472","page","type-page","status-publish","hentry"],"yoast_head":"<!-- This site is optimized with the Yoast SEO plugin v27.3 - https:\/\/yoast.com\/product\/yoast-seo-wordpress\/ -->\n<title>Dental care - N\u00e9v\u00e9 Clinique dentaire - Geneva<\/title>\n<meta name=\"description\" content=\"Discover the dental care procedures performed by specialist dental doctors at N\u00e9v\u00e9 dental clinic in Geneva.\" \/>\n<meta name=\"robots\" content=\"index, follow, max-snippet:-1, max-image-preview:large, max-video-preview:-1\" \/>\n<link rel=\"canonical\" href=\"https:\/\/www.neveclinic.ch\/soins-dentaires\/\" \/>\n<meta property=\"og:locale\" content=\"en_US\" \/>\n<meta property=\"og:type\" content=\"article\" \/>\n<meta property=\"og:title\" content=\"Dental care - N\u00e9v\u00e9 Clinique dentaire - Geneva\" \/>\n<meta property=\"og:description\" content=\"Discover the dental care procedures performed by specialist dental doctors at N\u00e9v\u00e9 dental clinic in Geneva.\" \/>\n<meta property=\"og:url\" content=\"https:\/\/www.neveclinic.ch\/soins-dentaires\/\" \/>\n<meta property=\"og:site_name\" content=\"N\u00e9v\u00e9 Clinique dentaire\" \/>\n<meta property=\"article:publisher\" content=\"https:\/\/www.facebook.com\/neveclinic.ch\/\" \/>\n<meta property=\"article:modified_time\" content=\"2024-09-11T08:12:48+00:00\" \/>\n<meta name=\"twitter:card\" content=\"summary_large_image\" \/>\n<meta name=\"twitter:site\" content=\"@neveclinic\" \/>\n<meta name=\"twitter:label1\" content=\"Est. reading time\" \/>\n\t<meta name=\"twitter:data1\" content=\"14 minutes\" \/>\n<script type=\"application\/ld+json\" class=\"yoast-schema-graph\">{\"@context\":\"https:\\\/\\\/schema.org\",\"@graph\":[{\"@type\":\"WebPage\",\"@id\":\"https:\\\/\\\/www.neveclinic.ch\\\/soins-dentaires\\\/\",\"url\":\"https:\\\/\\\/www.neveclinic.ch\\\/soins-dentaires\\\/\",\"name\":\"Dental care - N\u00e9v\u00e9 Clinique dentaire - Geneva\",\"isPartOf\":{\"@id\":\"https:\\\/\\\/www.neveclinic.ch\\\/#website\"},\"datePublished\":\"2024-07-15T11:35:19+00:00\",\"dateModified\":\"2024-09-11T08:12:48+00:00\",\"description\":\"Discover the dental care procedures performed by specialist dental doctors at N\u00e9v\u00e9 dental clinic in Geneva.\",\"breadcrumb\":{\"@id\":\"https:\\\/\\\/www.neveclinic.ch\\\/soins-dentaires\\\/#breadcrumb\"},\"inLanguage\":\"en-US\",\"potentialAction\":[{\"@type\":\"ReadAction\",\"target\":[\"https:\\\/\\\/www.neveclinic.ch\\\/soins-dentaires\\\/\"]}]},{\"@type\":\"BreadcrumbList\",\"@id\":\"https:\\\/\\\/www.neveclinic.ch\\\/soins-dentaires\\\/#breadcrumb\",\"itemListElement\":[{\"@type\":\"ListItem\",\"position\":1,\"name\":\"Accueil\",\"item\":\"https:\\\/\\\/www.neveclinic.ch\\\/\"},{\"@type\":\"ListItem\",\"position\":2,\"name\":\"Dental care\"}]},{\"@type\":\"WebSite\",\"@id\":\"https:\\\/\\\/www.neveclinic.ch\\\/#website\",\"url\":\"https:\\\/\\\/www.neveclinic.ch\\\/\",\"name\":\"N\u00e9v\u00e9 Clinique dentaire\",\"description\":\"M\u00e9decin dentiste \u00e0 Gen\u00e8ve pratique tous les soins dentaires\",\"potentialAction\":[{\"@type\":\"SearchAction\",\"target\":{\"@type\":\"EntryPoint\",\"urlTemplate\":\"https:\\\/\\\/www.neveclinic.ch\\\/?s={search_term_string}\"},\"query-input\":{\"@type\":\"PropertyValueSpecification\",\"valueRequired\":true,\"valueName\":\"search_term_string\"}}],\"inLanguage\":\"en-US\"}]}<\/script>\n<!-- \/ Yoast SEO plugin. -->","yoast_head_json":{"title":"Dental care - N\u00e9v\u00e9 Clinique dentaire - Geneva","description":"Discover the dental care procedures performed by specialist dental doctors at N\u00e9v\u00e9 dental clinic in Geneva.","robots":{"index":"index","follow":"follow","max-snippet":"max-snippet:-1","max-image-preview":"max-image-preview:large","max-video-preview":"max-video-preview:-1"},"canonical":"https:\/\/www.neveclinic.ch\/soins-dentaires\/","og_locale":"en_US","og_type":"article","og_title":"Dental care - N\u00e9v\u00e9 Clinique dentaire - Geneva","og_description":"Discover the dental care procedures performed by specialist dental doctors at N\u00e9v\u00e9 dental clinic in Geneva.","og_url":"https:\/\/www.neveclinic.ch\/soins-dentaires\/","og_site_name":"N\u00e9v\u00e9 Clinique dentaire","article_publisher":"https:\/\/www.facebook.com\/neveclinic.ch\/","article_modified_time":"2024-09-11T08:12:48+00:00","twitter_card":"summary_large_image","twitter_site":"@neveclinic","twitter_misc":{"Est. reading time":"14 minutes"},"schema":{"@context":"https:\/\/schema.org","@graph":[{"@type":"WebPage","@id":"https:\/\/www.neveclinic.ch\/soins-dentaires\/","url":"https:\/\/www.neveclinic.ch\/soins-dentaires\/","name":"Dental care - N\u00e9v\u00e9 Clinique dentaire - Geneva","isPartOf":{"@id":"https:\/\/www.neveclinic.ch\/#website"},"datePublished":"2024-07-15T11:35:19+00:00","dateModified":"2024-09-11T08:12:48+00:00","description":"Discover the dental care procedures performed by specialist dental doctors at N\u00e9v\u00e9 dental clinic in Geneva.","breadcrumb":{"@id":"https:\/\/www.neveclinic.ch\/soins-dentaires\/#breadcrumb"},"inLanguage":"en-US","potentialAction":[{"@type":"ReadAction","target":["https:\/\/www.neveclinic.ch\/soins-dentaires\/"]}]},{"@type":"BreadcrumbList","@id":"https:\/\/www.neveclinic.ch\/soins-dentaires\/#breadcrumb","itemListElement":[{"@type":"ListItem","position":1,"name":"Accueil","item":"https:\/\/www.neveclinic.ch\/"},{"@type":"ListItem","position":2,"name":"Dental care"}]},{"@type":"WebSite","@id":"https:\/\/www.neveclinic.ch\/#website","url":"https:\/\/www.neveclinic.ch\/","name":"N\u00e9v\u00e9 Clinique dentaire","description":"M\u00e9decin dentiste \u00e0 Gen\u00e8ve pratique tous les soins dentaires","potentialAction":[{"@type":"SearchAction","target":{"@type":"EntryPoint","urlTemplate":"https:\/\/www.neveclinic.ch\/?s={search_term_string}"},"query-input":{"@type":"PropertyValueSpecification","valueRequired":true,"valueName":"search_term_string"}}],"inLanguage":"en-US"}]}},"_links":{"self":[{"href":"https:\/\/www.neveclinic.ch\/en\/wp-json\/wp\/v2\/pages\/8472","targetHints":{"allow":["GET"]}}],"collection":[{"href":"https:\/\/www.neveclinic.ch\/en\/wp-json\/wp\/v2\/pages"}],"about":[{"href":"https:\/\/www.neveclinic.ch\/en\/wp-json\/wp\/v2\/types\/page"}],"author":[{"embeddable":true,"href":"https:\/\/www.neveclinic.ch\/en\/wp-json\/wp\/v2\/users\/3"}],"replies":[{"embeddable":true,"href":"https:\/\/www.neveclinic.ch\/en\/wp-json\/wp\/v2\/comments?post=8472"}],"version-history":[{"count":3,"href":"https:\/\/www.neveclinic.ch\/en\/wp-json\/wp\/v2\/pages\/8472\/revisions"}],"predecessor-version":[{"id":9240,"href":"https:\/\/www.neveclinic.ch\/en\/wp-json\/wp\/v2\/pages\/8472\/revisions\/9240"}],"wp:attachment":[{"href":"https:\/\/www.neveclinic.ch\/en\/wp-json\/wp\/v2\/media?parent=8472"}],"curies":[{"name":"wp","href":"https:\/\/api.w.org\/{rel}","templated":true}]}}