{"id":8463,"date":"2024-07-15T13:25:40","date_gmt":"2024-07-15T11:25:40","guid":{"rendered":"https:\/\/www.neveclinic.ch\/pediatric-dentistry\/"},"modified":"2024-09-11T10:11:28","modified_gmt":"2024-09-11T08:11:28","slug":"pediatric-dentistry","status":"publish","type":"page","link":"https:\/\/www.neveclinic.ch\/en\/pediatric-dentistry\/","title":{"rendered":"Pediatric dentistry"},"content":{"rendered":"\n<style type=\"text\/css\" data-created_by=\"avia_inline_auto\" id=\"style-css-av-7omii-12bf85d66cb002c24bdce067533c535f\">\n.avia-section.av-7omii-12bf85d66cb002c24bdce067533c535f .av-parallax .av-parallax-inner{\nbackground-repeat:no-repeat;\nbackground-image:url(https:\/\/www.neveclinic.ch\/wp-content\/uploads\/iStock-510969362-2-1030x687.jpg);\nbackground-position:50% 50%;\nbackground-attachment:scroll;\n}\n<\/style>\n<div id='av_section_1'  class='avia-section av-7omii-12bf85d66cb002c24bdce067533c535f main_color avia-section-huge avia-no-shadow  avia-builder-el-0  el_before_av_section  avia-builder-el-first  av-small-hide av-mini-hide avia-full-stretch av-parallax-section avia-bg-style-parallax av-minimum-height av-minimum-height-100 av-height-100  container_wrap sidebar_right'  data-section-bg-repeat='stretch' data-av_minimum_height_pc='100' data-av_min_height_opt='100'><div class='av-parallax' data-avia-parallax-ratio='0.3' ><div class='av-parallax-inner main_color avia-full-stretch'><\/div><\/div><div class='container av-section-cont-open' ><main  role=\"main\" itemprop=\"mainContentOfPage\"  class='template-page content  av-content-small alpha units'><div class='post-entry post-entry-type-page post-entry-8463'><div class='entry-content-wrapper clearfix'>\n\n<style type=\"text\/css\" data-created_by=\"avia_inline_auto\" id=\"style-css-av-k8vquzro-af1d4060bc56f18f421261a3c577117d\">\n#top .av-special-heading.av-k8vquzro-af1d4060bc56f18f421261a3c577117d{\npadding-bottom:10px;\ncolor:#ffffff;\nfont-size:34px;\n}\nbody .av-special-heading.av-k8vquzro-af1d4060bc56f18f421261a3c577117d .av-special-heading-tag .heading-char{\nfont-size:25px;\n}\n#top #wrap_all .av-special-heading.av-k8vquzro-af1d4060bc56f18f421261a3c577117d .av-special-heading-tag{\nfont-size:34px;\n}\n.av-special-heading.av-k8vquzro-af1d4060bc56f18f421261a3c577117d .special-heading-inner-border{\nborder-color:#ffffff;\n}\n.av-special-heading.av-k8vquzro-af1d4060bc56f18f421261a3c577117d .av-subheading{\nfont-size:15px;\n}\n\n@media only screen and (min-width: 480px) and (max-width: 767px){ \n#top #wrap_all .av-special-heading.av-k8vquzro-af1d4060bc56f18f421261a3c577117d .av-special-heading-tag{\nfont-size:0.8em;\n}\n}\n\n@media only screen and (max-width: 479px){ \n#top #wrap_all .av-special-heading.av-k8vquzro-af1d4060bc56f18f421261a3c577117d .av-special-heading-tag{\nfont-size:0.8em;\n}\n}\n<\/style>\n<div  class='av-special-heading av-k8vquzro-af1d4060bc56f18f421261a3c577117d av-special-heading-h1 custom-color-heading blockquote modern-quote  avia-builder-el-1  el_before_av_hr  avia-builder-el-first  av-inherit-size'><h1 class='av-special-heading-tag '  itemprop=\"headline\"  >Pediatric dentistry<\/h1><div class=\"special-heading-border\"><div class=\"special-heading-inner-border\"><\/div><\/div><\/div>\n\n<style type=\"text\/css\" data-created_by=\"avia_inline_auto\" id=\"style-css-av-5wduy-ff1cc4bb050b502473269a8563213529\">\n#top .hr.av-5wduy-ff1cc4bb050b502473269a8563213529{\nmargin-top:30px;\nmargin-bottom:30px;\n}\n.hr.av-5wduy-ff1cc4bb050b502473269a8563213529 .hr-inner{\nwidth:50px;\nborder-color:#ffffff;\n}\n<\/style>\n<div  class='hr av-5wduy-ff1cc4bb050b502473269a8563213529 hr-custom  avia-builder-el-2  el_after_av_heading  avia-builder-el-last  hr-left hr-icon-no'><span class='hr-inner inner-border-av-border-fat'><span class=\"hr-inner-style\"><\/span><\/span><\/div>\n<\/div><\/div><\/main><!-- close content main element --><\/div><\/div>\n<style type=\"text\/css\" data-created_by=\"avia_inline_auto\" id=\"style-css-av-l8hwu-e38d997702333be5376f1c0120cbe827\">\n.avia-section.av-l8hwu-e38d997702333be5376f1c0120cbe827 .av-parallax .av-parallax-inner{\nbackground-color:#43d6e0;\nbackground-repeat:no-repeat;\nbackground-image:url(https:\/\/www.neveclinic.ch\/wp-content\/uploads\/Dentiste-image-de-fond.png), linear-gradient( to left, #43d6e0, rgba(67,214,224,0.58) );\nbackground-position:50% 50%;\nbackground-attachment:scroll;\n}\n<\/style>\n<div id='av_section_2'  class='avia-section av-l8hwu-e38d997702333be5376f1c0120cbe827 main_color avia-section-no-padding avia-no-shadow  avia-builder-el-3  el_after_av_section  el_before_av_section  av-desktop-hide av-medium-hide avia-full-stretch av-parallax-section avia-bg-style-parallax container_wrap sidebar_right'  data-section-bg-repeat='stretch'><div class='av-parallax' data-avia-parallax-ratio='0.3' ><div class='av-parallax-inner main_color avia-full-stretch'><\/div><\/div><div class='container av-section-cont-open' ><div class='template-page content  av-content-small alpha units'><div class='post-entry post-entry-type-page post-entry-8463'><div class='entry-content-wrapper clearfix'>\n\n<style type=\"text\/css\" data-created_by=\"avia_inline_auto\" id=\"style-css-av-kzwvk8m8-9a8a185896e46fbcd284974bab772154\">\n#top .av-special-heading.av-kzwvk8m8-9a8a185896e46fbcd284974bab772154{\nmargin:25px 0 0 0;\npadding-bottom:10px;\n}\nbody .av-special-heading.av-kzwvk8m8-9a8a185896e46fbcd284974bab772154 .av-special-heading-tag .heading-char{\nfont-size:25px;\n}\n.av-special-heading.av-kzwvk8m8-9a8a185896e46fbcd284974bab772154 .av-subheading{\nfont-size:15px;\n}\n<\/style>\n<div  class='av-special-heading av-kzwvk8m8-9a8a185896e46fbcd284974bab772154 av-special-heading-h2 blockquote modern-quote modern-centered  avia-builder-el-4  el_before_av_hr  avia-builder-el-first '><h2 class='av-special-heading-tag '  itemprop=\"headline\"  >Pediatric dentistry<\/h2><div class=\"special-heading-border\"><div class=\"special-heading-inner-border\"><\/div><\/div><\/div>\n\n<style type=\"text\/css\" data-created_by=\"avia_inline_auto\" id=\"style-css-av-gzyee-4513190efa2cd30de216f6ba34d750a3\">\n#top .hr.av-gzyee-4513190efa2cd30de216f6ba34d750a3{\nmargin-top:30px;\nmargin-bottom:30px;\n}\n.hr.av-gzyee-4513190efa2cd30de216f6ba34d750a3 .hr-inner{\nwidth:50px;\nborder-color:#000000;\n}\n<\/style>\n<div  class='hr av-gzyee-4513190efa2cd30de216f6ba34d750a3 hr-custom  avia-builder-el-5  el_after_av_heading  avia-builder-el-last  hr-center hr-icon-no'><span class='hr-inner inner-border-av-border-fat'><span class=\"hr-inner-style\"><\/span><\/span><\/div>\n<\/p>\n<\/div><\/div><\/div><!-- close content main div --><\/div><\/div><div id='av_section_3'  class='avia-section av-9wkq6-f80df8a674302e41f1be49d15eb1b398 main_color avia-section-default avia-no-border-styling  avia-builder-el-6  el_after_av_section  el_before_av_section  av-desktop-hide av-medium-hide avia-bg-style-scroll container_wrap sidebar_right'  ><div class='container av-section-cont-open' ><div class='template-page content  av-content-small alpha units'><div class='post-entry post-entry-type-page post-entry-8463'><div class='entry-content-wrapper clearfix'>\n\n<style type=\"text\/css\" data-created_by=\"avia_inline_auto\" id=\"style-css-av-kzwvldog-b3ccc66b0b8a7855d024c1f9507e83d0\">\n.avia-image-container.av-kzwvldog-b3ccc66b0b8a7855d024c1f9507e83d0 img.avia_image{\nbox-shadow:none;\n}\n.avia-image-container.av-kzwvldog-b3ccc66b0b8a7855d024c1f9507e83d0 .av-caption-image-overlay-bg{\nopacity:0.4;\n}\n<\/style>\n<div  class='avia-image-container av-kzwvldog-b3ccc66b0b8a7855d024c1f9507e83d0 av-styling- av-img-linked avia-align-center  avia-builder-el-7  avia-builder-el-no-sibling  noHover av-overlay-hover-deactivate'   itemprop=\"image\" itemscope=\"itemscope\" itemtype=\"https:\/\/schema.org\/ImageObject\" ><div class=\"avia-image-container-inner\"><div class=\"avia-image-overlay-wrap\"><a href=\"https:\/\/www.neveclinic.ch\/wp-content\/uploads\/iStock-510969362-2-1030x687.jpg\" data-srcset=\"https:\/\/www.neveclinic.ch\/wp-content\/uploads\/iStock-510969362-2-1030x687.jpg 1030w, https:\/\/www.neveclinic.ch\/wp-content\/uploads\/iStock-510969362-2-300x200.jpg 300w, https:\/\/www.neveclinic.ch\/wp-content\/uploads\/iStock-510969362-2-768x512.jpg 768w, https:\/\/www.neveclinic.ch\/wp-content\/uploads\/iStock-510969362-2-1536x1024.jpg 1536w, https:\/\/www.neveclinic.ch\/wp-content\/uploads\/iStock-510969362-2-2048x1366.jpg 2048w, https:\/\/www.neveclinic.ch\/wp-content\/uploads\/iStock-510969362-2-1500x1000.jpg 1500w, https:\/\/www.neveclinic.ch\/wp-content\/uploads\/iStock-510969362-2-705x470.jpg 705w\" data-sizes=\"(max-width: 1030px) 100vw, 1030px\" class='avia_image '  aria-label='iStock-510969362'><div class=\"av-image-caption-overlay\"><div class=\"av-caption-image-overlay-bg\"><\/div><div class=\"av-image-caption-overlay-position\"><div class=\"av-image-caption-overlay-center\"><\/div><\/div><\/div><img decoding=\"async\" fetchpriority=\"high\" class='wp-image-7488 avia-img-lazy-loading-not-7488 avia_image ' src=\"https:\/\/www.neveclinic.ch\/wp-content\/uploads\/iStock-510969362-2-1030x687.jpg\" alt='' title='iStock-510969362'  height=\"687\" width=\"1030\"  itemprop=\"thumbnailUrl\" srcset=\"https:\/\/www.neveclinic.ch\/wp-content\/uploads\/iStock-510969362-2-1030x687.jpg 1030w, https:\/\/www.neveclinic.ch\/wp-content\/uploads\/iStock-510969362-2-300x200.jpg 300w, https:\/\/www.neveclinic.ch\/wp-content\/uploads\/iStock-510969362-2-768x512.jpg 768w, https:\/\/www.neveclinic.ch\/wp-content\/uploads\/iStock-510969362-2-1536x1024.jpg 1536w, https:\/\/www.neveclinic.ch\/wp-content\/uploads\/iStock-510969362-2-2048x1366.jpg 2048w, https:\/\/www.neveclinic.ch\/wp-content\/uploads\/iStock-510969362-2-1500x1000.jpg 1500w, https:\/\/www.neveclinic.ch\/wp-content\/uploads\/iStock-510969362-2-705x470.jpg 705w\" sizes=\"(max-width: 1030px) 100vw, 1030px\" \/><\/a><\/div><\/div><\/div>\n\n<\/div><\/div><\/div><!-- close content main div --><\/div><\/div><div id='av_section_4'  class='avia-section av-4qy89m-09ca696d43a26b5b32bb68f0b094bf0c main_color avia-section-default avia-no-border-styling  avia-builder-el-8  el_after_av_section  el_before_av_promobox  avia-bg-style-scroll container_wrap sidebar_right'  ><div class='container av-section-cont-open' ><div class='template-page content  av-content-small alpha units'><div class='post-entry post-entry-type-page post-entry-8463'><div class='entry-content-wrapper clearfix'>\n\n<style type=\"text\/css\" data-created_by=\"avia_inline_auto\" id=\"style-css-av-ke407omv-debe68bd3f52433bdda496d7f54e0ac6\">\n#top .av-special-heading.av-ke407omv-debe68bd3f52433bdda496d7f54e0ac6{\npadding-bottom:10px;\nfont-size:28px;\n}\nbody .av-special-heading.av-ke407omv-debe68bd3f52433bdda496d7f54e0ac6 .av-special-heading-tag .heading-char{\nfont-size:25px;\n}\n#top #wrap_all .av-special-heading.av-ke407omv-debe68bd3f52433bdda496d7f54e0ac6 .av-special-heading-tag{\nfont-size:28px;\n}\n.av-special-heading.av-ke407omv-debe68bd3f52433bdda496d7f54e0ac6 .av-subheading{\nfont-size:15px;\n}\n\n@media only screen and (min-width: 480px) and (max-width: 767px){ \n#top #wrap_all .av-special-heading.av-ke407omv-debe68bd3f52433bdda496d7f54e0ac6 .av-special-heading-tag{\nfont-size:0.8em;\n}\n}\n\n@media only screen and (max-width: 479px){ \n#top #wrap_all .av-special-heading.av-ke407omv-debe68bd3f52433bdda496d7f54e0ac6 .av-special-heading-tag{\nfont-size:0.8em;\n}\n}\n<\/style>\n<div  class='av-special-heading av-ke407omv-debe68bd3f52433bdda496d7f54e0ac6 av-special-heading-h3 blockquote modern-quote  avia-builder-el-9  el_before_av_hr  avia-builder-el-first  av-inherit-size'><h3 class='av-special-heading-tag '  itemprop=\"headline\"  >Child dentist in Geneva<\/h3><div class=\"special-heading-border\"><div class=\"special-heading-inner-border\"><\/div><\/div><\/div>\n\n<style type=\"text\/css\" data-created_by=\"avia_inline_auto\" id=\"style-css-av-2hlrvu-9d8e52c6c04a7080499cf05bdd21fabd\">\n#top .hr.av-2hlrvu-9d8e52c6c04a7080499cf05bdd21fabd{\nmargin-top:30px;\nmargin-bottom:30px;\n}\n.hr.av-2hlrvu-9d8e52c6c04a7080499cf05bdd21fabd .hr-inner{\nwidth:50px;\nborder-color:#000000;\n}\n<\/style>\n<div  class='hr av-2hlrvu-9d8e52c6c04a7080499cf05bdd21fabd hr-custom  avia-builder-el-10  el_after_av_heading  el_before_av_textblock  hr-left hr-icon-no'><span class='hr-inner inner-border-av-border-fat'><span class=\"hr-inner-style\"><\/span><\/span><\/div>\n\n<style type=\"text\/css\" data-created_by=\"avia_inline_auto\" id=\"style-css-av-ly1xil19-8f60fa55375d9454e22326035f53410a\">\n#top .av_textblock_section.av-ly1xil19-8f60fa55375d9454e22326035f53410a .avia_textblock{\nfont-size:15px;\n}\n<\/style>\n<section  class='av_textblock_section av-ly1xil19-8f60fa55375d9454e22326035f53410a '   itemscope=\"itemscope\" itemtype=\"https:\/\/schema.org\/CreativeWork\" ><div class='avia_textblock'  itemprop=\"text\" ><p>Welcome to the page dedicated to pediatric dentistry at N\u00e9v\u00e9 dental clinic, located in the heart of Geneva. Our team of specialists addresses all your children&#8217;s dental needs, combining professionalism, modernity, and a constant concern for your well-being.<\/p>\n<h4>Why consult a pediatric dental specialist?<\/h4>\n<p>It is essential to consult a pediatric dental specialist to ensure care tailored to their specific needs. Children require a gentle and educational approach to familiarize them with dental care and reassure them. A pediatric dentistry specialist has the expertise to manage children&#8217;s behaviors, prevent oral diseases, and treat common dental problems in young patients. Moreover, regular follow-up from an early age helps prevent future complications and ensures optimal oral health.<\/p>\n<h4>Our approach: professionalism and humanity<\/h4>\n<p>At N\u00e9v\u00e9, we believe in an integrated and humane approach to children&#8217;s care. From the first consultation, our dedicated team takes the time to listen to your concerns and answer your questions. We offer a reassuring and stress-free experience, with clear and detailed explanations of each step of the treatment.<\/p>\n<h4>Various treatments in pediatric dentistry<\/h4>\n<h5>Children&#8217;s dental consultation:<\/h5>\n<p>We conduct a comprehensive examination of your child&#8217;s teeth and gums. We also assess oral hygiene and provide personalized advice to maintain good dental health.<\/p>\n<h5>Children&#8217;s dental emergencies:<\/h5>\n<p>In case of a dental emergency, such as a broken tooth or acute pain, we act quickly to relieve the pain and effectively address the issue.<\/p>\n<h5>Children&#8217;s cavity treatment:<\/h5>\n<p>We treat dental cavities gently and effectively. We use techniques adapted to children to ensure their comfort and cooperation during the treatment.<\/p>\n<h5>Fissure sealants:<\/h5>\n<p>To prevent cavities, we apply fissure sealants on your child&#8217;s molars. This method protects the teeth from bacteria and food residues.<\/p>\n<h5>Orthodontic interceptive treatments:<\/h5>\n<p>We monitor the development of your child&#8217;s teeth and jaws. If necessary, we intervene early to correct malocclusions and avoid more complex orthodontic treatments in the future.<\/p>\n<p>We are here to help you achieve the smile you deserve. Feel free to contact us for more information or to schedule a consultation. We are committed to providing your child with quality dental care in a safe and welcoming environment.<\/p>\n<\/div><\/section>\n<\/div><\/div><\/div><!-- close content main div --><\/div><\/div><div id='after_section_4'  class='main_color av_default_container_wrap container_wrap sidebar_right'  ><div class='container av-section-cont-open' ><div class='template-page content  av-content-small alpha units'><div class='post-entry post-entry-type-page post-entry-8463'><div class='entry-content-wrapper clearfix'>\n<div  class='av_promobox av-2x1bvu-e3c1d18a75c497e25b1d041a2b6c655f avia-button-yes  avia-builder-el-12  el_after_av_section  avia-builder-el-no-sibling '><div class='avia-promocontent'><\/p>\n<p>For more information, click to schedule an appointment at N\u00e9v\u00e9 Clinic:<\/p>\n<p>\n<\/div><div  class='avia-button-wrap av-2x1bvu-f45d2f0bba290ecc1d817b5fc0d16b7c-wrap avia-button-right '>\n<style type=\"text\/css\" data-created_by=\"avia_inline_auto\" id=\"style-css-av-2x1bvu-f45d2f0bba290ecc1d817b5fc0d16b7c\">\n#top #wrap_all .avia-button.av-2x1bvu-f45d2f0bba290ecc1d817b5fc0d16b7c{\nbackground-color:#43d6e0;\nborder-color:#43d6e0;\ncolor:#ffffff;\ntransition:all 0.4s ease-in-out;\n}\n#top #wrap_all .avia-button.av-2x1bvu-f45d2f0bba290ecc1d817b5fc0d16b7c .avia-svg-icon svg:first-child{\nfill:#ffffff;\nstroke:#ffffff;\n}\n<\/style>\n<a href='https:\/\/www.neveclinic.ch\/en\/make-an-appointment-online\/'  class='avia-button av-2x1bvu-f45d2f0bba290ecc1d817b5fc0d16b7c av-link-btn avia-icon_select-yes-left-icon avia-size-large avia-position-right'   aria-label=\"Make an Appointment\"><span class='avia_button_icon avia_button_icon_left avia-iconfont avia-font-entypo-fontello' data-av_icon='\ue841' data-av_iconfont='entypo-fontello' ><\/span><span class='avia_iconbox_title' >Make an Appointment<\/span><\/a><\/div><\/div>\n","protected":false},"excerpt":{"rendered":"","protected":false},"author":3,"featured_media":0,"parent":0,"menu_order":0,"comment_status":"closed","ping_status":"closed","template":"","meta":{"_yoast_wpseo_focuskw":"Pediatric dentistry","_yoast_wpseo_title":"%%title%% %%page%% %%sep%% %%sitename%% %%sep%% Geneva","_yoast_wpseo_metadesc":"Discover the treatment procedures for children, performed by specialists in Pedodontics at N\u00e9v\u00e9 Dental Clinic in Geneva.","rank_math_description":"","rank_math_focus_keyword":"","rank_math_title":"","footnotes":""},"class_list":["post-8463","page","type-page","status-publish","hentry"],"yoast_head":"<!-- This site is optimized with the Yoast SEO plugin v27.3 - https:\/\/yoast.com\/product\/yoast-seo-wordpress\/ -->\n<title>Pediatric dentistry - N\u00e9v\u00e9 Clinique dentaire - Geneva<\/title>\n<meta name=\"description\" content=\"Discover the treatment procedures for children, performed by specialists in Pedodontics at N\u00e9v\u00e9 Dental Clinic in Geneva.\" \/>\n<meta name=\"robots\" content=\"index, follow, max-snippet:-1, max-image-preview:large, max-video-preview:-1\" \/>\n<link rel=\"canonical\" href=\"https:\/\/www.neveclinic.ch\/pedodontie\/\" \/>\n<meta property=\"og:locale\" content=\"en_US\" \/>\n<meta property=\"og:type\" content=\"article\" \/>\n<meta property=\"og:title\" content=\"Pediatric dentistry - N\u00e9v\u00e9 Clinique dentaire - Geneva\" \/>\n<meta property=\"og:description\" content=\"Discover the treatment procedures for children, performed by specialists in Pedodontics at N\u00e9v\u00e9 Dental Clinic in Geneva.\" \/>\n<meta property=\"og:url\" content=\"https:\/\/www.neveclinic.ch\/pedodontie\/\" \/>\n<meta property=\"og:site_name\" content=\"N\u00e9v\u00e9 Clinique dentaire\" \/>\n<meta property=\"article:publisher\" content=\"https:\/\/www.facebook.com\/neveclinic.ch\/\" \/>\n<meta property=\"article:modified_time\" content=\"2024-09-11T08:11:28+00:00\" \/>\n<meta name=\"twitter:card\" content=\"summary_large_image\" \/>\n<meta name=\"twitter:site\" content=\"@neveclinic\" \/>\n<meta name=\"twitter:label1\" content=\"Est. reading time\" \/>\n\t<meta name=\"twitter:data1\" content=\"13 minutes\" \/>\n<script type=\"application\/ld+json\" class=\"yoast-schema-graph\">{\"@context\":\"https:\\\/\\\/schema.org\",\"@graph\":[{\"@type\":\"WebPage\",\"@id\":\"https:\\\/\\\/www.neveclinic.ch\\\/pedodontie\\\/\",\"url\":\"https:\\\/\\\/www.neveclinic.ch\\\/pedodontie\\\/\",\"name\":\"Pediatric dentistry - N\u00e9v\u00e9 Clinique dentaire - Geneva\",\"isPartOf\":{\"@id\":\"https:\\\/\\\/www.neveclinic.ch\\\/#website\"},\"datePublished\":\"2024-07-15T11:25:40+00:00\",\"dateModified\":\"2024-09-11T08:11:28+00:00\",\"description\":\"Discover the treatment procedures for children, performed by specialists in Pedodontics at N\u00e9v\u00e9 Dental Clinic in Geneva.\",\"breadcrumb\":{\"@id\":\"https:\\\/\\\/www.neveclinic.ch\\\/pedodontie\\\/#breadcrumb\"},\"inLanguage\":\"en-US\",\"potentialAction\":[{\"@type\":\"ReadAction\",\"target\":[\"https:\\\/\\\/www.neveclinic.ch\\\/pedodontie\\\/\"]}]},{\"@type\":\"BreadcrumbList\",\"@id\":\"https:\\\/\\\/www.neveclinic.ch\\\/pedodontie\\\/#breadcrumb\",\"itemListElement\":[{\"@type\":\"ListItem\",\"position\":1,\"name\":\"Accueil\",\"item\":\"https:\\\/\\\/www.neveclinic.ch\\\/\"},{\"@type\":\"ListItem\",\"position\":2,\"name\":\"Pediatric dentistry\"}]},{\"@type\":\"WebSite\",\"@id\":\"https:\\\/\\\/www.neveclinic.ch\\\/#website\",\"url\":\"https:\\\/\\\/www.neveclinic.ch\\\/\",\"name\":\"N\u00e9v\u00e9 Clinique dentaire\",\"description\":\"M\u00e9decin dentiste \u00e0 Gen\u00e8ve pratique tous les soins dentaires\",\"potentialAction\":[{\"@type\":\"SearchAction\",\"target\":{\"@type\":\"EntryPoint\",\"urlTemplate\":\"https:\\\/\\\/www.neveclinic.ch\\\/?s={search_term_string}\"},\"query-input\":{\"@type\":\"PropertyValueSpecification\",\"valueRequired\":true,\"valueName\":\"search_term_string\"}}],\"inLanguage\":\"en-US\"}]}<\/script>\n<!-- \/ Yoast SEO plugin. -->","yoast_head_json":{"title":"Pediatric dentistry - N\u00e9v\u00e9 Clinique dentaire - Geneva","description":"Discover the treatment procedures for children, performed by specialists in Pedodontics at N\u00e9v\u00e9 Dental Clinic in Geneva.","robots":{"index":"index","follow":"follow","max-snippet":"max-snippet:-1","max-image-preview":"max-image-preview:large","max-video-preview":"max-video-preview:-1"},"canonical":"https:\/\/www.neveclinic.ch\/pedodontie\/","og_locale":"en_US","og_type":"article","og_title":"Pediatric dentistry - N\u00e9v\u00e9 Clinique dentaire - Geneva","og_description":"Discover the treatment procedures for children, performed by specialists in Pedodontics at N\u00e9v\u00e9 Dental Clinic in Geneva.","og_url":"https:\/\/www.neveclinic.ch\/pedodontie\/","og_site_name":"N\u00e9v\u00e9 Clinique dentaire","article_publisher":"https:\/\/www.facebook.com\/neveclinic.ch\/","article_modified_time":"2024-09-11T08:11:28+00:00","twitter_card":"summary_large_image","twitter_site":"@neveclinic","twitter_misc":{"Est. reading time":"13 minutes"},"schema":{"@context":"https:\/\/schema.org","@graph":[{"@type":"WebPage","@id":"https:\/\/www.neveclinic.ch\/pedodontie\/","url":"https:\/\/www.neveclinic.ch\/pedodontie\/","name":"Pediatric dentistry - N\u00e9v\u00e9 Clinique dentaire - Geneva","isPartOf":{"@id":"https:\/\/www.neveclinic.ch\/#website"},"datePublished":"2024-07-15T11:25:40+00:00","dateModified":"2024-09-11T08:11:28+00:00","description":"Discover the treatment procedures for children, performed by specialists in Pedodontics at N\u00e9v\u00e9 Dental Clinic in Geneva.","breadcrumb":{"@id":"https:\/\/www.neveclinic.ch\/pedodontie\/#breadcrumb"},"inLanguage":"en-US","potentialAction":[{"@type":"ReadAction","target":["https:\/\/www.neveclinic.ch\/pedodontie\/"]}]},{"@type":"BreadcrumbList","@id":"https:\/\/www.neveclinic.ch\/pedodontie\/#breadcrumb","itemListElement":[{"@type":"ListItem","position":1,"name":"Accueil","item":"https:\/\/www.neveclinic.ch\/"},{"@type":"ListItem","position":2,"name":"Pediatric dentistry"}]},{"@type":"WebSite","@id":"https:\/\/www.neveclinic.ch\/#website","url":"https:\/\/www.neveclinic.ch\/","name":"N\u00e9v\u00e9 Clinique dentaire","description":"M\u00e9decin dentiste \u00e0 Gen\u00e8ve pratique tous les soins dentaires","potentialAction":[{"@type":"SearchAction","target":{"@type":"EntryPoint","urlTemplate":"https:\/\/www.neveclinic.ch\/?s={search_term_string}"},"query-input":{"@type":"PropertyValueSpecification","valueRequired":true,"valueName":"search_term_string"}}],"inLanguage":"en-US"}]}},"_links":{"self":[{"href":"https:\/\/www.neveclinic.ch\/en\/wp-json\/wp\/v2\/pages\/8463","targetHints":{"allow":["GET"]}}],"collection":[{"href":"https:\/\/www.neveclinic.ch\/en\/wp-json\/wp\/v2\/pages"}],"about":[{"href":"https:\/\/www.neveclinic.ch\/en\/wp-json\/wp\/v2\/types\/page"}],"author":[{"embeddable":true,"href":"https:\/\/www.neveclinic.ch\/en\/wp-json\/wp\/v2\/users\/3"}],"replies":[{"embeddable":true,"href":"https:\/\/www.neveclinic.ch\/en\/wp-json\/wp\/v2\/comments?post=8463"}],"version-history":[{"count":3,"href":"https:\/\/www.neveclinic.ch\/en\/wp-json\/wp\/v2\/pages\/8463\/revisions"}],"predecessor-version":[{"id":9234,"href":"https:\/\/www.neveclinic.ch\/en\/wp-json\/wp\/v2\/pages\/8463\/revisions\/9234"}],"wp:attachment":[{"href":"https:\/\/www.neveclinic.ch\/en\/wp-json\/wp\/v2\/media?parent=8463"}],"curies":[{"name":"wp","href":"https:\/\/api.w.org\/{rel}","templated":true}]}}