{"id":8200,"date":"2024-07-15T13:41:46","date_gmt":"2024-07-15T11:41:46","guid":{"rendered":"https:\/\/www.neveclinic.ch\/?page_id=8200"},"modified":"2025-02-05T15:02:22","modified_gmt":"2025-02-05T14:02:22","slug":"child-fissure-sealant","status":"publish","type":"page","link":"https:\/\/www.neveclinic.ch\/en\/pediatric-dentistry\/child-fissure-sealant\/","title":{"rendered":"Child fissure sealant"},"content":{"rendered":"\n<style type=\"text\/css\" data-created_by=\"avia_inline_auto\" id=\"style-css-av-7omii-b9b02d93b52c9d577d7f8a07f2c5ae56\">\n.avia-section.av-7omii-b9b02d93b52c9d577d7f8a07f2c5ae56 .av-parallax .av-parallax-inner{\nbackground-repeat:no-repeat;\nbackground-image:url(https:\/\/www.neveclinic.ch\/wp-content\/uploads\/iStock-510969362-2-scaled.jpg);\nbackground-position:50% 50%;\nbackground-attachment:scroll;\n}\n<\/style>\n<div id='av_section_1'  class='avia-section av-7omii-b9b02d93b52c9d577d7f8a07f2c5ae56 main_color avia-section-huge avia-no-shadow  avia-builder-el-0  el_before_av_section  avia-builder-el-first  av-small-hide av-mini-hide avia-full-stretch av-parallax-section avia-bg-style-parallax av-minimum-height av-minimum-height-100 av-height-100  container_wrap sidebar_right'  data-section-bg-repeat='stretch' data-av_minimum_height_pc='100' data-av_min_height_opt='100'><div class='av-parallax' data-avia-parallax-ratio='0.3' ><div class='av-parallax-inner main_color avia-full-stretch'><\/div><\/div><div class='container av-section-cont-open' ><main  role=\"main\" itemprop=\"mainContentOfPage\"  class='template-page content  av-content-small alpha units'><div class='post-entry post-entry-type-page post-entry-8200'><div class='entry-content-wrapper clearfix'>\n\n<style type=\"text\/css\" data-created_by=\"avia_inline_auto\" id=\"style-css-av-k8wqnd58-6b3a8dcbd29b54501b409acdcb7f1f03\">\n#top .av-special-heading.av-k8wqnd58-6b3a8dcbd29b54501b409acdcb7f1f03{\npadding-bottom:10px;\ncolor:#000000;\nfont-size:34px;\n}\nbody .av-special-heading.av-k8wqnd58-6b3a8dcbd29b54501b409acdcb7f1f03 .av-special-heading-tag .heading-char{\nfont-size:25px;\n}\n#top #wrap_all .av-special-heading.av-k8wqnd58-6b3a8dcbd29b54501b409acdcb7f1f03 .av-special-heading-tag{\nfont-size:34px;\n}\n.av-special-heading.av-k8wqnd58-6b3a8dcbd29b54501b409acdcb7f1f03 .special-heading-inner-border{\nborder-color:#000000;\n}\n.av-special-heading.av-k8wqnd58-6b3a8dcbd29b54501b409acdcb7f1f03 .av-subheading{\nfont-size:15px;\n}\n\n@media only screen and (min-width: 480px) and (max-width: 767px){ \n#top #wrap_all .av-special-heading.av-k8wqnd58-6b3a8dcbd29b54501b409acdcb7f1f03 .av-special-heading-tag{\nfont-size:0.8em;\n}\n}\n\n@media only screen and (max-width: 479px){ \n#top #wrap_all .av-special-heading.av-k8wqnd58-6b3a8dcbd29b54501b409acdcb7f1f03 .av-special-heading-tag{\nfont-size:0.8em;\n}\n}\n<\/style>\n<div  class='av-special-heading av-k8wqnd58-6b3a8dcbd29b54501b409acdcb7f1f03 av-special-heading-h2 custom-color-heading blockquote modern-quote  avia-builder-el-1  el_before_av_hr  avia-builder-el-first  av-inherit-size'><h2 class='av-special-heading-tag '  itemprop=\"headline\"  >Child fissure sealant<\/h2><div class=\"special-heading-border\"><div class=\"special-heading-inner-border\"><\/div><\/div><\/div>\n\n<style type=\"text\/css\" data-created_by=\"avia_inline_auto\" id=\"style-css-av-5wduy-50b45456bbdebb3a82bae2f7f9a6175e\">\n#top .hr.av-5wduy-50b45456bbdebb3a82bae2f7f9a6175e{\nmargin-top:30px;\nmargin-bottom:30px;\n}\n.hr.av-5wduy-50b45456bbdebb3a82bae2f7f9a6175e .hr-inner{\nwidth:50px;\nborder-color:#000000;\n}\n<\/style>\n<div  class='hr av-5wduy-50b45456bbdebb3a82bae2f7f9a6175e hr-custom  avia-builder-el-2  el_after_av_heading  avia-builder-el-last  hr-left hr-icon-no'><span class='hr-inner inner-border-av-border-fat'><span class=\"hr-inner-style\"><\/span><\/span><\/div>\n\n<\/div><\/div><\/main><!-- close content main element --><\/div><\/div>\n<style type=\"text\/css\" data-created_by=\"avia_inline_auto\" id=\"style-css-av-mxh1b-80abc8d70d0dbedffd226c5a7998c63a\">\n.avia-section.av-mxh1b-80abc8d70d0dbedffd226c5a7998c63a .av-parallax .av-parallax-inner{\nbackground-color:#43d6e0;\nbackground-repeat:no-repeat;\nbackground-image:url(https:\/\/www.neveclinic.ch\/wp-content\/uploads\/Dentiste-image-de-fond.png), linear-gradient( to left, #43d6e0, rgba(67,214,224,0.58) );\nbackground-position:50% 50%;\nbackground-attachment:scroll;\n}\n<\/style>\n<div id='av_section_2'  class='avia-section av-mxh1b-80abc8d70d0dbedffd226c5a7998c63a main_color avia-section-no-padding avia-no-shadow  avia-builder-el-3  el_after_av_section  el_before_av_section  av-desktop-hide av-medium-hide avia-full-stretch av-parallax-section avia-bg-style-parallax container_wrap sidebar_right'  data-section-bg-repeat='stretch'><div class='av-parallax' data-avia-parallax-ratio='0.3' ><div class='av-parallax-inner main_color avia-full-stretch'><\/div><\/div><div class='container av-section-cont-open' ><div class='template-page content  av-content-small alpha units'><div class='post-entry post-entry-type-page post-entry-8200'><div class='entry-content-wrapper clearfix'>\n\n<style type=\"text\/css\" data-created_by=\"avia_inline_auto\" id=\"style-css-av-huy1r-a4a5605abfebc12e69ffbe1389cbe772\">\n#top .hr.av-huy1r-a4a5605abfebc12e69ffbe1389cbe772{\nmargin-top:30px;\nmargin-bottom:30px;\n}\n.hr.av-huy1r-a4a5605abfebc12e69ffbe1389cbe772 .hr-inner{\nwidth:50px;\nborder-color:#000000;\n}\n<\/style>\n<div  class='hr av-huy1r-a4a5605abfebc12e69ffbe1389cbe772 hr-custom  avia-builder-el-4  el_before_av_heading  avia-builder-el-first  hr-center hr-icon-no'><span class='hr-inner inner-border-av-border-fat'><span class=\"hr-inner-style\"><\/span><\/span><\/div>\n\n<style type=\"text\/css\" data-created_by=\"avia_inline_auto\" id=\"style-css-av-kzwvmhib-2dd17d6ab51fc842bb8657bbb01f3e55\">\n#top .av-special-heading.av-kzwvmhib-2dd17d6ab51fc842bb8657bbb01f3e55{\nmargin:25px 0 0 0;\npadding-bottom:10px;\n}\nbody .av-special-heading.av-kzwvmhib-2dd17d6ab51fc842bb8657bbb01f3e55 .av-special-heading-tag .heading-char{\nfont-size:25px;\n}\n.av-special-heading.av-kzwvmhib-2dd17d6ab51fc842bb8657bbb01f3e55 .av-subheading{\nfont-size:15px;\n}\n<\/style>\n<div  class='av-special-heading av-kzwvmhib-2dd17d6ab51fc842bb8657bbb01f3e55 av-special-heading-h2 blockquote modern-quote modern-centered  avia-builder-el-5  el_after_av_hr  avia-builder-el-last '><h2 class='av-special-heading-tag '  itemprop=\"headline\"  >Child fissure sealant<\/h2><div class=\"special-heading-border\"><div class=\"special-heading-inner-border\"><\/div><\/div><\/div>\n\n<\/div><\/div><\/div><!-- close content main div --><\/div><\/div><div id='av_section_3'  class='avia-section av-6oaof-57a05c33bc1ff9c2d3596c51dd9c2d6a main_color avia-section-default avia-no-border-styling  avia-builder-el-6  el_after_av_section  el_before_av_section  av-desktop-hide av-medium-hide avia-bg-style-scroll container_wrap sidebar_right'  ><div class='container av-section-cont-open' ><div class='template-page content  av-content-small alpha units'><div class='post-entry post-entry-type-page post-entry-8200'><div class='entry-content-wrapper clearfix'>\n\n<style type=\"text\/css\" data-created_by=\"avia_inline_auto\" id=\"style-css-av-kzwvopzg-f585d330c5249d091129e8caf4531889\">\n.avia-image-container.av-kzwvopzg-f585d330c5249d091129e8caf4531889 img.avia_image{\nbox-shadow:none;\n}\n.avia-image-container.av-kzwvopzg-f585d330c5249d091129e8caf4531889 .av-caption-image-overlay-bg{\nopacity:0.4;\n}\n<\/style>\n<div  class='avia-image-container av-kzwvopzg-f585d330c5249d091129e8caf4531889 av-styling- av-img-linked avia-align-center  avia-builder-el-7  avia-builder-el-no-sibling  noHover av-overlay-hover-deactivate'   itemprop=\"image\" itemscope=\"itemscope\" itemtype=\"https:\/\/schema.org\/ImageObject\" ><div class=\"avia-image-container-inner\"><div class=\"avia-image-overlay-wrap\"><a href=\"https:\/\/www.neveclinic.ch\/wp-content\/uploads\/iStock-510969362-2-1030x687.jpg\" data-srcset=\"https:\/\/www.neveclinic.ch\/wp-content\/uploads\/iStock-510969362-2-1030x687.jpg 1030w, https:\/\/www.neveclinic.ch\/wp-content\/uploads\/iStock-510969362-2-300x200.jpg 300w, https:\/\/www.neveclinic.ch\/wp-content\/uploads\/iStock-510969362-2-768x512.jpg 768w, https:\/\/www.neveclinic.ch\/wp-content\/uploads\/iStock-510969362-2-1536x1024.jpg 1536w, https:\/\/www.neveclinic.ch\/wp-content\/uploads\/iStock-510969362-2-2048x1366.jpg 2048w, https:\/\/www.neveclinic.ch\/wp-content\/uploads\/iStock-510969362-2-1500x1000.jpg 1500w, https:\/\/www.neveclinic.ch\/wp-content\/uploads\/iStock-510969362-2-705x470.jpg 705w\" data-sizes=\"(max-width: 1030px) 100vw, 1030px\" class='avia_image '  aria-label='iStock-510969362'><div class=\"av-image-caption-overlay\"><div class=\"av-caption-image-overlay-bg\"><\/div><div class=\"av-image-caption-overlay-position\"><div class=\"av-image-caption-overlay-center\"><\/div><\/div><\/div><img decoding=\"async\" fetchpriority=\"high\" class='wp-image-7488 avia-img-lazy-loading-not-7488 avia_image ' src=\"https:\/\/www.neveclinic.ch\/wp-content\/uploads\/iStock-510969362-2-scaled.jpg\" alt='' title='iStock-510969362'  height=\"1707\" width=\"2560\"  itemprop=\"thumbnailUrl\" srcset=\"https:\/\/www.neveclinic.ch\/wp-content\/uploads\/iStock-510969362-2-scaled.jpg 2560w, https:\/\/www.neveclinic.ch\/wp-content\/uploads\/iStock-510969362-2-300x200.jpg 300w, https:\/\/www.neveclinic.ch\/wp-content\/uploads\/iStock-510969362-2-1030x687.jpg 1030w, https:\/\/www.neveclinic.ch\/wp-content\/uploads\/iStock-510969362-2-768x512.jpg 768w, https:\/\/www.neveclinic.ch\/wp-content\/uploads\/iStock-510969362-2-1536x1024.jpg 1536w, https:\/\/www.neveclinic.ch\/wp-content\/uploads\/iStock-510969362-2-2048x1366.jpg 2048w, https:\/\/www.neveclinic.ch\/wp-content\/uploads\/iStock-510969362-2-1500x1000.jpg 1500w, https:\/\/www.neveclinic.ch\/wp-content\/uploads\/iStock-510969362-2-705x470.jpg 705w\" sizes=\"(max-width: 2560px) 100vw, 2560px\" \/><\/a><\/div><\/div><\/div>\n\n<\/div><\/div><\/div><!-- close content main div --><\/div><\/div><div id='av_section_4'  class='avia-section av-4qy89m-09ca696d43a26b5b32bb68f0b094bf0c main_color avia-section-default avia-no-border-styling  avia-builder-el-8  el_after_av_section  el_before_av_section  avia-bg-style-scroll container_wrap sidebar_right'  ><div class='container av-section-cont-open' ><div class='template-page content  av-content-small alpha units'><div class='post-entry post-entry-type-page post-entry-8200'><div class='entry-content-wrapper clearfix'>\n\n<style type=\"text\/css\" data-created_by=\"avia_inline_auto\" id=\"style-css-av-sp19b-0edac6870d2cb51ae05fe4754302ab81\">\n#top .av-special-heading.av-sp19b-0edac6870d2cb51ae05fe4754302ab81{\npadding-bottom:10px;\nfont-size:28px;\n}\nbody .av-special-heading.av-sp19b-0edac6870d2cb51ae05fe4754302ab81 .av-special-heading-tag .heading-char{\nfont-size:25px;\n}\n#top #wrap_all .av-special-heading.av-sp19b-0edac6870d2cb51ae05fe4754302ab81 .av-special-heading-tag{\nfont-size:28px;\n}\n.av-special-heading.av-sp19b-0edac6870d2cb51ae05fe4754302ab81 .av-subheading{\nfont-size:15px;\n}\n\n@media only screen and (min-width: 480px) and (max-width: 767px){ \n#top #wrap_all .av-special-heading.av-sp19b-0edac6870d2cb51ae05fe4754302ab81 .av-special-heading-tag{\nfont-size:0.8em;\n}\n}\n\n@media only screen and (max-width: 479px){ \n#top #wrap_all .av-special-heading.av-sp19b-0edac6870d2cb51ae05fe4754302ab81 .av-special-heading-tag{\nfont-size:0.8em;\n}\n}\n<\/style>\n<div  class='av-special-heading av-sp19b-0edac6870d2cb51ae05fe4754302ab81 av-special-heading-h3 blockquote modern-quote  avia-builder-el-9  el_before_av_hr  avia-builder-el-first  av-inherit-size'><h3 class='av-special-heading-tag '  itemprop=\"headline\"  >Application of sealants in children in Geneva<\/h3><div class=\"special-heading-border\"><div class=\"special-heading-inner-border\"><\/div><\/div><\/div>\n\n<style type=\"text\/css\" data-created_by=\"avia_inline_auto\" id=\"style-css-av-2hlrvu-9d8e52c6c04a7080499cf05bdd21fabd\">\n#top .hr.av-2hlrvu-9d8e52c6c04a7080499cf05bdd21fabd{\nmargin-top:30px;\nmargin-bottom:30px;\n}\n.hr.av-2hlrvu-9d8e52c6c04a7080499cf05bdd21fabd .hr-inner{\nwidth:50px;\nborder-color:#000000;\n}\n<\/style>\n<div  class='hr av-2hlrvu-9d8e52c6c04a7080499cf05bdd21fabd hr-custom  avia-builder-el-10  el_after_av_heading  el_before_av_textblock  hr-left hr-icon-no'><span class='hr-inner inner-border-av-border-fat'><span class=\"hr-inner-style\"><\/span><\/span><\/div>\n\n<style type=\"text\/css\" data-created_by=\"avia_inline_auto\" id=\"style-css-av-2auqav-dfbe864c9eb5d8a155e01b3d7b843ea2\">\n#top .av_textblock_section.av-2auqav-dfbe864c9eb5d8a155e01b3d7b843ea2 .avia_textblock{\nfont-size:15px;\n}\n<\/style>\n<section  class='av_textblock_section av-2auqav-dfbe864c9eb5d8a155e01b3d7b843ea2 '   itemscope=\"itemscope\" itemtype=\"https:\/\/schema.org\/CreativeWork\" ><div class='avia_textblock'  itemprop=\"text\" ><p>Dental caries represent a very common oral health problem among children. At N\u00e9v\u00e9 Dental Clinic, we protect your children&#8217;s teeth against cavities with effective preventive solutions. One of these solutions is fissure sealing, also known as sealants, a simple and painless method performed by our pediatric dentist.<\/p>\n<h5>What is fissure sealing?<\/h5>\n<p>Sealants involve applying a thin layer of protective resin on the chewing surfaces of molars and premolars. These teeth often have deep grooves and fissures that are difficult to clean properly with a toothbrush, making these areas particularly vulnerable to cavities. By sealing these grooves, we create a smooth and protective barrier that prevents bacteria and food debris from accumulating.<\/p>\n<h5>Why is fissure sealing important?<\/h5>\n<ul>\n<li><strong>Cavity prevention:<\/strong> Sealants protect teeth by preventing bacteria from accumulating in hard-to-clean areas.<\/li>\n<li><strong>Long-lasting:<\/strong> Sealants can last several years, providing durable protection during critical periods of a child&#8217;s dental growth.<\/li>\n<li><strong>Quick and painless procedure:<\/strong> Applying sealants is quick, painless, and does not require any anesthesia.<\/li>\n<\/ul>\n<h5>How we apply sealants<\/h5>\n<h6>Cleaning the teeth<\/h6>\n<p>We thoroughly clean the teeth to remove all plaque and food debris.<\/p>\n<h6>Drying<\/h6>\n<p>Next, we dry and isolate the teeth to ensure a clean and dry surface for the sealant application.<\/p>\n<h6>Applying the sealant<\/h6>\n<ul>\n<li><strong>Conditioning:<\/strong> We apply a conditioning solution on the chewing surfaces to help the sealant adhere properly.<\/li>\n<li><strong>Applying the sealant:<\/strong> We apply the sealing resin into the grooves and fissures of the teeth.<\/li>\n<li><strong>Curing:<\/strong> We use a special light to harden the resin, creating a solid protective barrier.<\/li>\n<\/ul>\n<h6>Verification and adjustments<\/h6>\n<p>Once the sealant is hardened, our pediatric dentist checks the child&#8217;s occlusion and makes the necessary adjustments.<\/p>\n<h5>The benefits of fissure sealing<\/h5>\n<ul>\n<li><strong>Cavity reduction:<\/strong> Studies show that children with dental sealants develop far fewer cavities in sealed teeth.<\/li>\n<li><strong>Safety and effectiveness:<\/strong> The sealing materials we use are safe, biocompatible, and effective in preventing cavities.<\/li>\n<li><strong>Support for oral hygiene:<\/strong> Fissure sealing makes brushing teeth easier and improves overall oral hygiene.<\/li>\n<\/ul>\n<h5>Why choose our dental clinic for fissure sealing?<\/h5>\n<ul>\n<li><strong>Pediatric specialization:<\/strong> Our pediatric dentist is trained to provide specialized and attentive dental care to children.<\/li>\n<li><strong>Friendly environment:<\/strong> Our clinic offers a welcoming and reassuring environment for children, making their visit to the dentist positive and stress-free.<\/li>\n<li><strong>Modern technology:<\/strong> We use high-quality sealing materials and modern techniques to ensure optimal results<\/li>\n<\/ul>\n<\/div><\/section>\n\n<\/div><\/div><\/div><!-- close content main div --><\/div><\/div>\n<style type=\"text\/css\" data-created_by=\"avia_inline_auto\" id=\"style-css-av-9qofz-4802174b617f3eb84b54435e17dcc8ce\">\n.avia-section.av-9qofz-4802174b617f3eb84b54435e17dcc8ce{\nbackground-color:#43d6e0;\nbackground-image:unset;\n}\n<\/style>\n<div id='av_section_5'  class='avia-section av-9qofz-4802174b617f3eb84b54435e17dcc8ce main_color avia-section-default avia-no-border-styling  avia-builder-el-12  el_after_av_section  el_before_av_promobox  avia-bg-style-scroll container_wrap sidebar_right'  ><div class='container av-section-cont-open' ><div class='template-page content  av-content-small alpha units'><div class='post-entry post-entry-type-page post-entry-8200'><div class='entry-content-wrapper clearfix'>\n\n<style type=\"text\/css\" data-created_by=\"avia_inline_auto\" id=\"style-css-av-lxtheaz3-df2257e34e9be4f07b5dcd56d5bfbbf6\">\n#top .av_textblock_section.av-lxtheaz3-df2257e34e9be4f07b5dcd56d5bfbbf6 .avia_textblock{\nfont-size:15px;\n}\n<\/style>\n<section  class='av_textblock_section av-lxtheaz3-df2257e34e9be4f07b5dcd56d5bfbbf6 '   itemscope=\"itemscope\" itemtype=\"https:\/\/schema.org\/CreativeWork\" ><div class='avia_textblock'  itemprop=\"text\" ><h5>How much does fissure sealing cost for a child?<\/h5>\n<p>For a child&#8217;s fissure sealant, the fee is CHF 250.-<\/p>\n<p>The cost depends on the number of teeth. Your dentist will provide an estimate during the first consultation.<\/p>\n<p>Contact us today to schedule a consultation and ensure that fissure sealing is suitable for your child. We are here to answer all your questions and provide the best possible dental care!<\/p>\n<\/div><\/section>\n<\/div><\/div><\/div><!-- close content main div --><\/div><\/div><div id='after_section_5'  class='main_color av_default_container_wrap container_wrap sidebar_right'  ><div class='container av-section-cont-open' ><div class='template-page content  av-content-small alpha units'><div class='post-entry post-entry-type-page post-entry-8200'><div class='entry-content-wrapper clearfix'><div  class='av_promobox av-2x1bvu-e3c1d18a75c497e25b1d041a2b6c655f avia-button-yes  avia-builder-el-14  el_after_av_section  avia-builder-el-no-sibling '><div class='avia-promocontent'><p>\nFor more information, click to schedule an appointment at N\u00e9v\u00e9 Clinic:<\/p>\n<\/div><div  class='avia-button-wrap av-2x1bvu-f45d2f0bba290ecc1d817b5fc0d16b7c-wrap avia-button-right '>\n<style type=\"text\/css\" data-created_by=\"avia_inline_auto\" id=\"style-css-av-2x1bvu-f45d2f0bba290ecc1d817b5fc0d16b7c\">\n#top #wrap_all .avia-button.av-2x1bvu-f45d2f0bba290ecc1d817b5fc0d16b7c{\nbackground-color:#43d6e0;\nborder-color:#43d6e0;\ncolor:#ffffff;\ntransition:all 0.4s ease-in-out;\n}\n#top #wrap_all .avia-button.av-2x1bvu-f45d2f0bba290ecc1d817b5fc0d16b7c .avia-svg-icon svg:first-child{\nfill:#ffffff;\nstroke:#ffffff;\n}\n<\/style>\n<a href='https:\/\/www.neveclinic.ch\/en\/make-an-appointment-online\/'  class='avia-button av-2x1bvu-f45d2f0bba290ecc1d817b5fc0d16b7c av-link-btn avia-icon_select-yes-left-icon avia-size-large avia-position-right'   aria-label=\"Make an Appointment\"><span class='avia_button_icon avia_button_icon_left avia-iconfont avia-font-entypo-fontello' data-av_icon='\ue841' data-av_iconfont='entypo-fontello' ><\/span><span class='avia_iconbox_title' >Make an Appointment<\/span><\/a><\/div><\/div><\/p>\n","protected":false},"excerpt":{"rendered":"","protected":false},"author":3,"featured_media":0,"parent":8463,"menu_order":4,"comment_status":"closed","ping_status":"closed","template":"","meta":{"_yoast_wpseo_focuskw":"fissure sealant","_yoast_wpseo_title":"%%title%% %%page%% %%sep%% %%sitename%% %%sep%% Geneva","_yoast_wpseo_metadesc":"Discover how the N\u00e9v\u00e9 dental clinic in Geneva performs fissure sealant placement in children using modern techniques.","rank_math_description":"","rank_math_focus_keyword":"","rank_math_title":"","footnotes":""},"class_list":["post-8200","page","type-page","status-publish","hentry"],"yoast_head":"<!-- This site is optimized with the Yoast SEO plugin v27.3 - https:\/\/yoast.com\/product\/yoast-seo-wordpress\/ -->\n<title>Child fissure sealant - N\u00e9v\u00e9 Clinique dentaire - Geneva<\/title>\n<meta name=\"description\" content=\"Discover how the N\u00e9v\u00e9 dental clinic in Geneva performs fissure sealant placement in children using modern techniques.\" \/>\n<meta name=\"robots\" content=\"index, follow, max-snippet:-1, max-image-preview:large, max-video-preview:-1\" \/>\n<link rel=\"canonical\" href=\"https:\/\/www.neveclinic.ch\/pedodontie\/scellement-sillons\/\" \/>\n<meta property=\"og:locale\" content=\"en_US\" \/>\n<meta property=\"og:type\" content=\"article\" \/>\n<meta property=\"og:title\" content=\"Child fissure sealant - N\u00e9v\u00e9 Clinique dentaire - Geneva\" \/>\n<meta property=\"og:description\" content=\"Discover how the N\u00e9v\u00e9 dental clinic in Geneva performs fissure sealant placement in children using modern techniques.\" \/>\n<meta property=\"og:url\" content=\"https:\/\/www.neveclinic.ch\/pedodontie\/scellement-sillons\/\" \/>\n<meta property=\"og:site_name\" content=\"N\u00e9v\u00e9 Clinique dentaire\" \/>\n<meta property=\"article:publisher\" content=\"https:\/\/www.facebook.com\/neveclinic.ch\/\" \/>\n<meta property=\"article:modified_time\" content=\"2025-02-05T14:02:22+00:00\" \/>\n<meta name=\"twitter:card\" content=\"summary_large_image\" \/>\n<meta name=\"twitter:site\" content=\"@neveclinic\" \/>\n<meta name=\"twitter:label1\" content=\"Est. reading time\" \/>\n\t<meta name=\"twitter:data1\" content=\"16 minutes\" \/>\n<script type=\"application\/ld+json\" class=\"yoast-schema-graph\">{\"@context\":\"https:\\\/\\\/schema.org\",\"@graph\":[{\"@type\":\"WebPage\",\"@id\":\"https:\\\/\\\/www.neveclinic.ch\\\/pedodontie\\\/scellement-sillons\\\/\",\"url\":\"https:\\\/\\\/www.neveclinic.ch\\\/pedodontie\\\/scellement-sillons\\\/\",\"name\":\"Child fissure sealant - N\u00e9v\u00e9 Clinique dentaire - Geneva\",\"isPartOf\":{\"@id\":\"https:\\\/\\\/www.neveclinic.ch\\\/#website\"},\"datePublished\":\"2024-07-15T11:41:46+00:00\",\"dateModified\":\"2025-02-05T14:02:22+00:00\",\"description\":\"Discover how the N\u00e9v\u00e9 dental clinic in Geneva performs fissure sealant placement in children using modern techniques.\",\"breadcrumb\":{\"@id\":\"https:\\\/\\\/www.neveclinic.ch\\\/pedodontie\\\/scellement-sillons\\\/#breadcrumb\"},\"inLanguage\":\"en-US\",\"potentialAction\":[{\"@type\":\"ReadAction\",\"target\":[\"https:\\\/\\\/www.neveclinic.ch\\\/pedodontie\\\/scellement-sillons\\\/\"]}]},{\"@type\":\"BreadcrumbList\",\"@id\":\"https:\\\/\\\/www.neveclinic.ch\\\/pedodontie\\\/scellement-sillons\\\/#breadcrumb\",\"itemListElement\":[{\"@type\":\"ListItem\",\"position\":1,\"name\":\"Accueil\",\"item\":\"https:\\\/\\\/www.neveclinic.ch\\\/\"},{\"@type\":\"ListItem\",\"position\":2,\"name\":\"Pediatric dentistry\",\"item\":\"https:\\\/\\\/www.neveclinic.ch\\\/pedodontie\\\/\"},{\"@type\":\"ListItem\",\"position\":3,\"name\":\"Child fissure sealant\"}]},{\"@type\":\"WebSite\",\"@id\":\"https:\\\/\\\/www.neveclinic.ch\\\/#website\",\"url\":\"https:\\\/\\\/www.neveclinic.ch\\\/\",\"name\":\"N\u00e9v\u00e9 Clinique dentaire\",\"description\":\"M\u00e9decin dentiste \u00e0 Gen\u00e8ve pratique tous les soins dentaires\",\"potentialAction\":[{\"@type\":\"SearchAction\",\"target\":{\"@type\":\"EntryPoint\",\"urlTemplate\":\"https:\\\/\\\/www.neveclinic.ch\\\/?s={search_term_string}\"},\"query-input\":{\"@type\":\"PropertyValueSpecification\",\"valueRequired\":true,\"valueName\":\"search_term_string\"}}],\"inLanguage\":\"en-US\"}]}<\/script>\n<!-- \/ Yoast SEO plugin. -->","yoast_head_json":{"title":"Child fissure sealant - N\u00e9v\u00e9 Clinique dentaire - Geneva","description":"Discover how the N\u00e9v\u00e9 dental clinic in Geneva performs fissure sealant placement in children using modern techniques.","robots":{"index":"index","follow":"follow","max-snippet":"max-snippet:-1","max-image-preview":"max-image-preview:large","max-video-preview":"max-video-preview:-1"},"canonical":"https:\/\/www.neveclinic.ch\/pedodontie\/scellement-sillons\/","og_locale":"en_US","og_type":"article","og_title":"Child fissure sealant - N\u00e9v\u00e9 Clinique dentaire - Geneva","og_description":"Discover how the N\u00e9v\u00e9 dental clinic in Geneva performs fissure sealant placement in children using modern techniques.","og_url":"https:\/\/www.neveclinic.ch\/pedodontie\/scellement-sillons\/","og_site_name":"N\u00e9v\u00e9 Clinique dentaire","article_publisher":"https:\/\/www.facebook.com\/neveclinic.ch\/","article_modified_time":"2025-02-05T14:02:22+00:00","twitter_card":"summary_large_image","twitter_site":"@neveclinic","twitter_misc":{"Est. reading time":"16 minutes"},"schema":{"@context":"https:\/\/schema.org","@graph":[{"@type":"WebPage","@id":"https:\/\/www.neveclinic.ch\/pedodontie\/scellement-sillons\/","url":"https:\/\/www.neveclinic.ch\/pedodontie\/scellement-sillons\/","name":"Child fissure sealant - N\u00e9v\u00e9 Clinique dentaire - Geneva","isPartOf":{"@id":"https:\/\/www.neveclinic.ch\/#website"},"datePublished":"2024-07-15T11:41:46+00:00","dateModified":"2025-02-05T14:02:22+00:00","description":"Discover how the N\u00e9v\u00e9 dental clinic in Geneva performs fissure sealant placement in children using modern techniques.","breadcrumb":{"@id":"https:\/\/www.neveclinic.ch\/pedodontie\/scellement-sillons\/#breadcrumb"},"inLanguage":"en-US","potentialAction":[{"@type":"ReadAction","target":["https:\/\/www.neveclinic.ch\/pedodontie\/scellement-sillons\/"]}]},{"@type":"BreadcrumbList","@id":"https:\/\/www.neveclinic.ch\/pedodontie\/scellement-sillons\/#breadcrumb","itemListElement":[{"@type":"ListItem","position":1,"name":"Accueil","item":"https:\/\/www.neveclinic.ch\/"},{"@type":"ListItem","position":2,"name":"Pediatric dentistry","item":"https:\/\/www.neveclinic.ch\/pedodontie\/"},{"@type":"ListItem","position":3,"name":"Child fissure sealant"}]},{"@type":"WebSite","@id":"https:\/\/www.neveclinic.ch\/#website","url":"https:\/\/www.neveclinic.ch\/","name":"N\u00e9v\u00e9 Clinique dentaire","description":"M\u00e9decin dentiste \u00e0 Gen\u00e8ve pratique tous les soins dentaires","potentialAction":[{"@type":"SearchAction","target":{"@type":"EntryPoint","urlTemplate":"https:\/\/www.neveclinic.ch\/?s={search_term_string}"},"query-input":{"@type":"PropertyValueSpecification","valueRequired":true,"valueName":"search_term_string"}}],"inLanguage":"en-US"}]}},"_links":{"self":[{"href":"https:\/\/www.neveclinic.ch\/en\/wp-json\/wp\/v2\/pages\/8200","targetHints":{"allow":["GET"]}}],"collection":[{"href":"https:\/\/www.neveclinic.ch\/en\/wp-json\/wp\/v2\/pages"}],"about":[{"href":"https:\/\/www.neveclinic.ch\/en\/wp-json\/wp\/v2\/types\/page"}],"author":[{"embeddable":true,"href":"https:\/\/www.neveclinic.ch\/en\/wp-json\/wp\/v2\/users\/3"}],"replies":[{"embeddable":true,"href":"https:\/\/www.neveclinic.ch\/en\/wp-json\/wp\/v2\/comments?post=8200"}],"version-history":[{"count":3,"href":"https:\/\/www.neveclinic.ch\/en\/wp-json\/wp\/v2\/pages\/8200\/revisions"}],"predecessor-version":[{"id":9948,"href":"https:\/\/www.neveclinic.ch\/en\/wp-json\/wp\/v2\/pages\/8200\/revisions\/9948"}],"up":[{"embeddable":true,"href":"https:\/\/www.neveclinic.ch\/en\/wp-json\/wp\/v2\/pages\/8463"}],"wp:attachment":[{"href":"https:\/\/www.neveclinic.ch\/en\/wp-json\/wp\/v2\/media?parent=8200"}],"curies":[{"name":"wp","href":"https:\/\/api.w.org\/{rel}","templated":true}]}}