{"id":7712,"date":"2024-07-15T13:41:05","date_gmt":"2024-07-15T11:41:05","guid":{"rendered":"https:\/\/www.neveclinic.ch\/?page_id=7712"},"modified":"2024-11-25T13:39:45","modified_gmt":"2024-11-25T12:39:45","slug":"dental-check-up","status":"publish","type":"page","link":"https:\/\/www.neveclinic.ch\/en\/dental-care\/dental-check-up\/","title":{"rendered":"Dental check-up"},"content":{"rendered":"\n<style type=\"text\/css\" data-created_by=\"avia_inline_auto\" id=\"style-css-av-7omii-a83ca254995c3adfce4e88524ec6c0b3\">\n.avia-section.av-7omii-a83ca254995c3adfce4e88524ec6c0b3 .av-parallax .av-parallax-inner{\nbackground-repeat:no-repeat;\nbackground-image:url(https:\/\/www.neveclinic.ch\/wp-content\/uploads\/iStock-504787620-scaled.jpg);\nbackground-position:50% 50%;\nbackground-attachment:scroll;\n}\n<\/style>\n<div id='av_section_1'  class='avia-section av-7omii-a83ca254995c3adfce4e88524ec6c0b3 main_color avia-section-huge avia-no-shadow  avia-builder-el-0  el_before_av_section  avia-builder-el-first  av-small-hide av-mini-hide avia-full-stretch av-parallax-section avia-bg-style-parallax av-minimum-height av-minimum-height-100 av-height-100  container_wrap sidebar_right'  data-section-bg-repeat='stretch' data-av_minimum_height_pc='100' data-av_min_height_opt='100'><div class='av-parallax' data-avia-parallax-ratio='0.3' ><div class='av-parallax-inner main_color avia-full-stretch'><\/div><\/div><div class='container av-section-cont-open' ><main  role=\"main\" itemprop=\"mainContentOfPage\"  class='template-page content  av-content-small alpha units'><div class='post-entry post-entry-type-page post-entry-7712'><div class='entry-content-wrapper clearfix'>\n\n<style type=\"text\/css\" data-created_by=\"avia_inline_auto\" id=\"style-css-av-k8wqnd58-e59065cef6cc0ba234869d6a98645bad\">\n#top .av-special-heading.av-k8wqnd58-e59065cef6cc0ba234869d6a98645bad{\npadding-bottom:10px;\ncolor:#000000;\nfont-size:34px;\n}\nbody .av-special-heading.av-k8wqnd58-e59065cef6cc0ba234869d6a98645bad .av-special-heading-tag .heading-char{\nfont-size:25px;\n}\n#top #wrap_all .av-special-heading.av-k8wqnd58-e59065cef6cc0ba234869d6a98645bad .av-special-heading-tag{\nfont-size:34px;\n}\n.av-special-heading.av-k8wqnd58-e59065cef6cc0ba234869d6a98645bad .special-heading-inner-border{\nborder-color:#000000;\n}\n.av-special-heading.av-k8wqnd58-e59065cef6cc0ba234869d6a98645bad .av-subheading{\nfont-size:15px;\n}\n\n@media only screen and (min-width: 480px) and (max-width: 767px){ \n#top #wrap_all .av-special-heading.av-k8wqnd58-e59065cef6cc0ba234869d6a98645bad .av-special-heading-tag{\nfont-size:0.8em;\n}\n}\n\n@media only screen and (max-width: 479px){ \n#top #wrap_all .av-special-heading.av-k8wqnd58-e59065cef6cc0ba234869d6a98645bad .av-special-heading-tag{\nfont-size:0.8em;\n}\n}\n<\/style>\n<div  class='av-special-heading av-k8wqnd58-e59065cef6cc0ba234869d6a98645bad av-special-heading-h1 custom-color-heading blockquote modern-quote  avia-builder-el-1  el_before_av_hr  avia-builder-el-first  av-inherit-size'><h1 class='av-special-heading-tag '  itemprop=\"headline\"  >Dental check-up<\/h1><div class=\"special-heading-border\"><div class=\"special-heading-inner-border\"><\/div><\/div><\/div>\n\n<style type=\"text\/css\" data-created_by=\"avia_inline_auto\" id=\"style-css-av-5wduy-50b45456bbdebb3a82bae2f7f9a6175e\">\n#top .hr.av-5wduy-50b45456bbdebb3a82bae2f7f9a6175e{\nmargin-top:30px;\nmargin-bottom:30px;\n}\n.hr.av-5wduy-50b45456bbdebb3a82bae2f7f9a6175e .hr-inner{\nwidth:50px;\nborder-color:#000000;\n}\n<\/style>\n<div  class='hr av-5wduy-50b45456bbdebb3a82bae2f7f9a6175e hr-custom  avia-builder-el-2  el_after_av_heading  avia-builder-el-last  hr-left hr-icon-no'><span class='hr-inner inner-border-av-border-fat'><span class=\"hr-inner-style\"><\/span><\/span><\/div>\n<\/div><\/div><\/main><!-- close content main element --><\/div><\/div>\n<style type=\"text\/css\" data-created_by=\"avia_inline_auto\" id=\"style-css-av-mxh1b-80abc8d70d0dbedffd226c5a7998c63a\">\n.avia-section.av-mxh1b-80abc8d70d0dbedffd226c5a7998c63a .av-parallax .av-parallax-inner{\nbackground-color:#43d6e0;\nbackground-repeat:no-repeat;\nbackground-image:url(https:\/\/www.neveclinic.ch\/wp-content\/uploads\/Dentiste-image-de-fond.png), linear-gradient( to left, #43d6e0, rgba(67,214,224,0.58) );\nbackground-position:50% 50%;\nbackground-attachment:scroll;\n}\n<\/style>\n<div id='av_section_2'  class='avia-section av-mxh1b-80abc8d70d0dbedffd226c5a7998c63a main_color avia-section-no-padding avia-no-shadow  avia-builder-el-3  el_after_av_section  el_before_av_section  av-desktop-hide av-medium-hide avia-full-stretch av-parallax-section avia-bg-style-parallax container_wrap sidebar_right'  data-section-bg-repeat='stretch'><div class='av-parallax' data-avia-parallax-ratio='0.3' ><div class='av-parallax-inner main_color avia-full-stretch'><\/div><\/div><div class='container av-section-cont-open' ><div class='template-page content  av-content-small alpha units'><div class='post-entry post-entry-type-page post-entry-7712'><div class='entry-content-wrapper clearfix'>\n\n<style type=\"text\/css\" data-created_by=\"avia_inline_auto\" id=\"style-css-av-huy1r-a4a5605abfebc12e69ffbe1389cbe772\">\n#top .hr.av-huy1r-a4a5605abfebc12e69ffbe1389cbe772{\nmargin-top:30px;\nmargin-bottom:30px;\n}\n.hr.av-huy1r-a4a5605abfebc12e69ffbe1389cbe772 .hr-inner{\nwidth:50px;\nborder-color:#000000;\n}\n<\/style>\n<div  class='hr av-huy1r-a4a5605abfebc12e69ffbe1389cbe772 hr-custom  avia-builder-el-4  el_before_av_heading  avia-builder-el-first  hr-center hr-icon-no'><span class='hr-inner inner-border-av-border-fat'><span class=\"hr-inner-style\"><\/span><\/span><\/div>\n\n<style type=\"text\/css\" data-created_by=\"avia_inline_auto\" id=\"style-css-av-kzwvmhib-6137f8662554cb261c4ddf102ac84fe5\">\n#top .av-special-heading.av-kzwvmhib-6137f8662554cb261c4ddf102ac84fe5{\nmargin:25px 0 0 0;\npadding-bottom:10px;\n}\nbody .av-special-heading.av-kzwvmhib-6137f8662554cb261c4ddf102ac84fe5 .av-special-heading-tag .heading-char{\nfont-size:25px;\n}\n.av-special-heading.av-kzwvmhib-6137f8662554cb261c4ddf102ac84fe5 .av-subheading{\nfont-size:15px;\n}\n<\/style>\n<div  class='av-special-heading av-kzwvmhib-6137f8662554cb261c4ddf102ac84fe5 av-special-heading-h2 blockquote modern-quote modern-centered  avia-builder-el-5  el_after_av_hr  avia-builder-el-last '><h2 class='av-special-heading-tag '  itemprop=\"headline\"  >Dental check-up<\/h2><div class=\"special-heading-border\"><div class=\"special-heading-inner-border\"><\/div><\/div><\/div>\n<\/p>\n<\/div><\/div><\/div><!-- close content main div --><\/div><\/div><div id='av_section_3'  class='avia-section av-6oaof-57a05c33bc1ff9c2d3596c51dd9c2d6a main_color avia-section-default avia-no-border-styling  avia-builder-el-6  el_after_av_section  el_before_av_section  av-desktop-hide av-medium-hide avia-bg-style-scroll container_wrap sidebar_right'  ><div class='container av-section-cont-open' ><div class='template-page content  av-content-small alpha units'><div class='post-entry post-entry-type-page post-entry-7712'><div class='entry-content-wrapper clearfix'>\n\n<style type=\"text\/css\" data-created_by=\"avia_inline_auto\" id=\"style-css-av-kzwvopzg-cd6eb0ffd6e47a76e8f23ca3cf41518d\">\n.avia-image-container.av-kzwvopzg-cd6eb0ffd6e47a76e8f23ca3cf41518d img.avia_image{\nbox-shadow:none;\n}\n.avia-image-container.av-kzwvopzg-cd6eb0ffd6e47a76e8f23ca3cf41518d .av-caption-image-overlay-bg{\nopacity:0.4;\n}\n<\/style>\n<div  class='avia-image-container av-kzwvopzg-cd6eb0ffd6e47a76e8f23ca3cf41518d av-styling- av-img-linked avia-align-center  avia-builder-el-7  avia-builder-el-no-sibling  noHover av-overlay-hover-deactivate'   itemprop=\"image\" itemscope=\"itemscope\" itemtype=\"https:\/\/schema.org\/ImageObject\" ><div class=\"avia-image-container-inner\"><div class=\"avia-image-overlay-wrap\"><a href=\"https:\/\/www.neveclinic.ch\/wp-content\/uploads\/iStock-504787620-1030x687.jpg\" data-srcset=\"https:\/\/www.neveclinic.ch\/wp-content\/uploads\/iStock-504787620-1030x687.jpg 1030w, https:\/\/www.neveclinic.ch\/wp-content\/uploads\/iStock-504787620-300x200.jpg 300w, https:\/\/www.neveclinic.ch\/wp-content\/uploads\/iStock-504787620-768x512.jpg 768w, https:\/\/www.neveclinic.ch\/wp-content\/uploads\/iStock-504787620-1536x1024.jpg 1536w, https:\/\/www.neveclinic.ch\/wp-content\/uploads\/iStock-504787620-2048x1366.jpg 2048w, https:\/\/www.neveclinic.ch\/wp-content\/uploads\/iStock-504787620-1500x1000.jpg 1500w, https:\/\/www.neveclinic.ch\/wp-content\/uploads\/iStock-504787620-705x470.jpg 705w\" data-sizes=\"(max-width: 1030px) 100vw, 1030px\" class='avia_image '  aria-label='iStock-504787620'><div class=\"av-image-caption-overlay\"><div class=\"av-caption-image-overlay-bg\"><\/div><div class=\"av-image-caption-overlay-position\"><div class=\"av-image-caption-overlay-center\"><\/div><\/div><\/div><img decoding=\"async\" fetchpriority=\"high\" class='wp-image-7398 avia-img-lazy-loading-not-7398 avia_image ' src=\"https:\/\/www.neveclinic.ch\/wp-content\/uploads\/iStock-504787620-scaled.jpg\" alt='' title='iStock-504787620'  height=\"1707\" width=\"2560\"  itemprop=\"thumbnailUrl\" srcset=\"https:\/\/www.neveclinic.ch\/wp-content\/uploads\/iStock-504787620-scaled.jpg 2560w, https:\/\/www.neveclinic.ch\/wp-content\/uploads\/iStock-504787620-300x200.jpg 300w, https:\/\/www.neveclinic.ch\/wp-content\/uploads\/iStock-504787620-1030x687.jpg 1030w, https:\/\/www.neveclinic.ch\/wp-content\/uploads\/iStock-504787620-768x512.jpg 768w, https:\/\/www.neveclinic.ch\/wp-content\/uploads\/iStock-504787620-1536x1024.jpg 1536w, https:\/\/www.neveclinic.ch\/wp-content\/uploads\/iStock-504787620-2048x1366.jpg 2048w, https:\/\/www.neveclinic.ch\/wp-content\/uploads\/iStock-504787620-1500x1000.jpg 1500w, https:\/\/www.neveclinic.ch\/wp-content\/uploads\/iStock-504787620-705x470.jpg 705w\" sizes=\"(max-width: 2560px) 100vw, 2560px\" \/><\/a><\/div><\/div><\/div>\n\n<\/div><\/div><\/div><!-- close content main div --><\/div><\/div><div id='av_section_4'  class='avia-section av-4qy89m-09ca696d43a26b5b32bb68f0b094bf0c main_color avia-section-default avia-no-border-styling  avia-builder-el-8  el_after_av_section  el_before_av_section  avia-bg-style-scroll container_wrap sidebar_right'  ><div class='container av-section-cont-open' ><div class='template-page content  av-content-small alpha units'><div class='post-entry post-entry-type-page post-entry-7712'><div class='entry-content-wrapper clearfix'>\n\n<style type=\"text\/css\" data-created_by=\"avia_inline_auto\" id=\"style-css-av-sp19b-9e6c1bed185214fca60dbecc6ed6f473\">\n#top .av-special-heading.av-sp19b-9e6c1bed185214fca60dbecc6ed6f473{\npadding-bottom:10px;\nfont-size:28px;\n}\nbody .av-special-heading.av-sp19b-9e6c1bed185214fca60dbecc6ed6f473 .av-special-heading-tag .heading-char{\nfont-size:25px;\n}\n#top #wrap_all .av-special-heading.av-sp19b-9e6c1bed185214fca60dbecc6ed6f473 .av-special-heading-tag{\nfont-size:28px;\n}\n.av-special-heading.av-sp19b-9e6c1bed185214fca60dbecc6ed6f473 .av-subheading{\nfont-size:15px;\n}\n\n@media only screen and (min-width: 480px) and (max-width: 767px){ \n#top #wrap_all .av-special-heading.av-sp19b-9e6c1bed185214fca60dbecc6ed6f473 .av-special-heading-tag{\nfont-size:0.8em;\n}\n}\n\n@media only screen and (max-width: 479px){ \n#top #wrap_all .av-special-heading.av-sp19b-9e6c1bed185214fca60dbecc6ed6f473 .av-special-heading-tag{\nfont-size:0.8em;\n}\n}\n<\/style>\n<div  class='av-special-heading av-sp19b-9e6c1bed185214fca60dbecc6ed6f473 av-special-heading-h3 blockquote modern-quote  avia-builder-el-9  el_before_av_hr  avia-builder-el-first  av-inherit-size'><h3 class='av-special-heading-tag '  itemprop=\"headline\"  >Getting a Dental Check-up in Geneva<\/h3><div class=\"special-heading-border\"><div class=\"special-heading-inner-border\"><\/div><\/div><\/div>\n\n<style type=\"text\/css\" data-created_by=\"avia_inline_auto\" id=\"style-css-av-2hlrvu-9d8e52c6c04a7080499cf05bdd21fabd\">\n#top .hr.av-2hlrvu-9d8e52c6c04a7080499cf05bdd21fabd{\nmargin-top:30px;\nmargin-bottom:30px;\n}\n.hr.av-2hlrvu-9d8e52c6c04a7080499cf05bdd21fabd .hr-inner{\nwidth:50px;\nborder-color:#000000;\n}\n<\/style>\n<div  class='hr av-2hlrvu-9d8e52c6c04a7080499cf05bdd21fabd hr-custom  avia-builder-el-10  el_after_av_heading  el_before_av_textblock  hr-left hr-icon-no'><span class='hr-inner inner-border-av-border-fat'><span class=\"hr-inner-style\"><\/span><\/span><\/div>\n\n<style type=\"text\/css\" data-created_by=\"avia_inline_auto\" id=\"style-css-av-2auqav-dfbe864c9eb5d8a155e01b3d7b843ea2\">\n#top .av_textblock_section.av-2auqav-dfbe864c9eb5d8a155e01b3d7b843ea2 .avia_textblock{\nfont-size:15px;\n}\n<\/style>\n<section  class='av_textblock_section av-2auqav-dfbe864c9eb5d8a155e01b3d7b843ea2 '   itemscope=\"itemscope\" itemtype=\"https:\/\/schema.org\/CreativeWork\" ><div class='avia_textblock'  itemprop=\"text\" ><p>Regular dental check-ups are essential for maintaining good oral health and preventing dental problems before they become serious.<\/p>\n<p>At N\u00e9v\u00e9 dental clinic, we offer comprehensive dental check-ups to detect, treat, and prevent dental and gum diseases. Our experienced dentists are dedicated to providing quality care and ensuring the well-being of every patient.<\/p>\n<h5>Why are dental check-ups important? <\/h5>\n<p>Regular dental check-ups allow for:<\/p>\n<ul>\n<li><strong>Prevention:<\/strong> Identifying and treating cavities, gum disease, and other dental problems at an early stage.<\/li>\n<li><strong>Early Detection:<\/strong> Diagnosing serious conditions such as oral cancer before they progress.<\/li>\n<li><strong>Maintenance:<\/strong> Maintaining optimal oral hygiene through professional cleanings. <\/li>\n<li><strong>Personalized Advice:<\/strong> Receiving tailored recommendations on dental care and eating habits to preserve the health of your teeth. <\/li>\n<\/ul>\n<h5>What does a dental check-up involve? <\/h5>\n<ol>\n<li>Complete Clinical Examination:<\/li>\n<\/ol>\n<ul>\n<li style=\"list-style-type: none;\">\n<ul>\n<li><strong>Assessment of the condition of the teeth:<\/strong> Thorough inspection of the teeth to detect cavities, cracks, or chips. <\/li>\n<li><strong>Examination of the gums:<\/strong> Checking the health of the gums to spot signs of gingivitis or periodontitis. <\/li>\n<li><strong>Jaw and occlusion analysis:<\/strong> Evaluation of jaw alignment and occlusion to identify functional problems. <\/li>\n<\/ul>\n<\/li>\n<\/ul>\n<ol>\n<li><strong>Dental X-rays:<\/strong> <\/li>\n<\/ol>\n<ul>\n<li style=\"list-style-type: none;\">\n<ul>\n<li><strong>Invisible Detection:<\/strong> Using X-rays to see structures below the surface, including cavities between teeth, root infections, or bone issues.<\/li>\n<li><strong>Advanced Technology:<\/strong> Our clinic uses modern, low-dose radiation X-ray technologies to ensure safety and precision.<\/li>\n<\/ul>\n<\/li>\n<\/ul>\n<ol>\n<li><strong>Personalized Advice:<\/strong> <\/li>\n<\/ol>\n<ul>\n<li style=\"list-style-type: none;\">\n<ul>\n<li><strong>Home care instructions:<\/strong> Tips on brushing and flossing techniques, and recommendations for suitable dental products. <\/li>\n<li><strong>Diet and lifestyle habits:<\/strong> Advice on diet and lifestyle habits to maintain good oral health.<\/li>\n<\/ul>\n<\/li>\n<\/ul>\n<h5>How often should you have a dental check-up? <\/h5>\n<ul>\n<li><strong>Adults:<\/strong> It is recommended to have a dental check-up every six months to detect and prevent dental problems. <\/li>\n<li><strong>Children:<\/strong> Children should also have regular check-ups to monitor the development of their teeth and prevent cavities. <\/li>\n<li><strong>High-risk patients:<\/strong> Those with a history of gum disease, frequent cavities, or specific medical conditions may require more frequent visits. <\/li>\n<\/ul>\n<h5>Why choose our dental clinic? <\/h5>\n<ul>\n<li><strong>Professional expertise:<\/strong> Our dentists have extensive experience and are committed to providing the highest quality dental care. <\/li>\n<li><strong>State-of-the-art technology:<\/strong> We use modern dental equipment to ensure precise diagnostics and effective treatments. <\/li>\n<li><strong>Personalized approach:<\/strong> We take the time to understand your specific needs and offer personalized advice to maintain the health of your teeth and gums.<\/li>\n<\/ul>\n<ol><\/ol>\n<\/div><\/section>\n\n<\/div><\/div><\/div><!-- close content main div --><\/div><\/div>\n<style type=\"text\/css\" data-created_by=\"avia_inline_auto\" id=\"style-css-av-9qofz-4802174b617f3eb84b54435e17dcc8ce\">\n.avia-section.av-9qofz-4802174b617f3eb84b54435e17dcc8ce{\nbackground-color:#43d6e0;\nbackground-image:unset;\n}\n<\/style>\n<div id='av_section_5'  class='avia-section av-9qofz-4802174b617f3eb84b54435e17dcc8ce main_color avia-section-default avia-no-border-styling  avia-builder-el-12  el_after_av_section  el_before_av_promobox  avia-bg-style-scroll container_wrap sidebar_right'  ><div class='container av-section-cont-open' ><div class='template-page content  av-content-small alpha units'><div class='post-entry post-entry-type-page post-entry-7712'><div class='entry-content-wrapper clearfix'>\n\n<style type=\"text\/css\" data-created_by=\"avia_inline_auto\" id=\"style-css-av-lxtheaz3-df2257e34e9be4f07b5dcd56d5bfbbf6\">\n#top .av_textblock_section.av-lxtheaz3-df2257e34e9be4f07b5dcd56d5bfbbf6 .avia_textblock{\nfont-size:15px;\n}\n<\/style>\n<section  class='av_textblock_section av-lxtheaz3-df2257e34e9be4f07b5dcd56d5bfbbf6 '   itemscope=\"itemscope\" itemtype=\"https:\/\/schema.org\/CreativeWork\" ><div class='avia_textblock'  itemprop=\"text\" ><h5>How much does a dental check-up cost?<\/h5>\n<p>For a dental check-up with 2 X-rays, the fee is CHF 150.<\/p>\n<p>Contact us today to schedule a dental check-up and receive personalized advice. We are here to answer all your questions and provide you with the best possible dental care!<\/p>\n<\/div><\/section>\n<\/div><\/div><\/div><!-- close content main div --><\/div><\/div><div id='after_section_5'  class='main_color av_default_container_wrap container_wrap sidebar_right'  ><div class='container av-section-cont-open' ><div class='template-page content  av-content-small alpha units'><div class='post-entry post-entry-type-page post-entry-7712'><div class='entry-content-wrapper clearfix'>\n<div  class='av_promobox av-2x1bvu-e3c1d18a75c497e25b1d041a2b6c655f avia-button-yes  avia-builder-el-14  el_after_av_section  avia-builder-el-no-sibling '><div class='avia-promocontent'><\/p>\n<p>For more information, click to schedule an appointment at N\u00e9v\u00e9 Clinic:<\/p>\n<p>\n<\/div><div  class='avia-button-wrap av-2x1bvu-f45d2f0bba290ecc1d817b5fc0d16b7c-wrap avia-button-right '>\n<style type=\"text\/css\" data-created_by=\"avia_inline_auto\" id=\"style-css-av-2x1bvu-f45d2f0bba290ecc1d817b5fc0d16b7c\">\n#top #wrap_all .avia-button.av-2x1bvu-f45d2f0bba290ecc1d817b5fc0d16b7c{\nbackground-color:#43d6e0;\nborder-color:#43d6e0;\ncolor:#ffffff;\ntransition:all 0.4s ease-in-out;\n}\n#top #wrap_all .avia-button.av-2x1bvu-f45d2f0bba290ecc1d817b5fc0d16b7c .avia-svg-icon svg:first-child{\nfill:#ffffff;\nstroke:#ffffff;\n}\n<\/style>\n<a href='https:\/\/www.neveclinic.ch\/en\/make-an-appointment-online\/'  class='avia-button av-2x1bvu-f45d2f0bba290ecc1d817b5fc0d16b7c av-link-btn avia-icon_select-yes-left-icon avia-size-large avia-position-right'   aria-label=\"Make an Appointment\"><span class='avia_button_icon avia_button_icon_left avia-iconfont avia-font-entypo-fontello' data-av_icon='\ue841' data-av_iconfont='entypo-fontello' ><\/span><span class='avia_iconbox_title' >Make an Appointment<\/span><\/a><\/div><\/div>\n","protected":false},"excerpt":{"rendered":"","protected":false},"author":3,"featured_media":0,"parent":8472,"menu_order":1,"comment_status":"closed","ping_status":"closed","template":"","meta":{"_yoast_wpseo_focuskw":"Dental check-up","_yoast_wpseo_title":"%%title%% %%page%% %%sep%% %%sitename%% %%sep%% Geneva","_yoast_wpseo_metadesc":"Meet our dental practitioners at N\u00e9v\u00e9 clinic in Geneva for a dental check-up and personalized care.","rank_math_description":"","rank_math_focus_keyword":"","rank_math_title":"","footnotes":""},"class_list":["post-7712","page","type-page","status-publish","hentry"],"yoast_head":"<!-- This site is optimized with the Yoast SEO plugin v27.3 - https:\/\/yoast.com\/product\/yoast-seo-wordpress\/ -->\n<title>Dental check-up - N\u00e9v\u00e9 Clinique dentaire - Geneva<\/title>\n<meta name=\"description\" content=\"Meet our dental practitioners at N\u00e9v\u00e9 clinic in Geneva for a dental check-up and personalized care.\" \/>\n<meta name=\"robots\" content=\"index, follow, max-snippet:-1, max-image-preview:large, max-video-preview:-1\" \/>\n<link rel=\"canonical\" href=\"https:\/\/www.neveclinic.ch\/en\/dental-care\/dental-check-up\/\" \/>\n<meta property=\"og:locale\" content=\"en_US\" \/>\n<meta property=\"og:type\" content=\"article\" \/>\n<meta property=\"og:title\" content=\"Dental check-up - N\u00e9v\u00e9 Clinique dentaire - Geneva\" \/>\n<meta property=\"og:description\" content=\"Meet our dental practitioners at N\u00e9v\u00e9 clinic in Geneva for a dental check-up and personalized care.\" \/>\n<meta property=\"og:url\" content=\"https:\/\/www.neveclinic.ch\/en\/dental-care\/dental-check-up\/\" \/>\n<meta property=\"og:site_name\" content=\"N\u00e9v\u00e9 Clinique dentaire\" \/>\n<meta property=\"article:publisher\" content=\"https:\/\/www.facebook.com\/neveclinic.ch\/\" \/>\n<meta property=\"article:modified_time\" content=\"2024-11-25T12:39:45+00:00\" \/>\n<meta name=\"twitter:card\" content=\"summary_large_image\" \/>\n<meta name=\"twitter:site\" content=\"@neveclinic\" \/>\n<meta name=\"twitter:label1\" content=\"Est. reading time\" \/>\n\t<meta name=\"twitter:data1\" content=\"16 minutes\" \/>\n<script type=\"application\/ld+json\" class=\"yoast-schema-graph\">{\"@context\":\"https:\\\/\\\/schema.org\",\"@graph\":[{\"@type\":\"WebPage\",\"@id\":\"https:\\\/\\\/www.neveclinic.ch\\\/en\\\/dental-care\\\/dental-check-up\\\/\",\"url\":\"https:\\\/\\\/www.neveclinic.ch\\\/en\\\/dental-care\\\/dental-check-up\\\/\",\"name\":\"Dental check-up - N\u00e9v\u00e9 Clinique dentaire - Geneva\",\"isPartOf\":{\"@id\":\"https:\\\/\\\/www.neveclinic.ch\\\/#website\"},\"datePublished\":\"2024-07-15T11:41:05+00:00\",\"dateModified\":\"2024-11-25T12:39:45+00:00\",\"description\":\"Meet our dental practitioners at N\u00e9v\u00e9 clinic in Geneva for a dental check-up and personalized care.\",\"breadcrumb\":{\"@id\":\"https:\\\/\\\/www.neveclinic.ch\\\/en\\\/dental-care\\\/dental-check-up\\\/#breadcrumb\"},\"inLanguage\":\"en-US\",\"potentialAction\":[{\"@type\":\"ReadAction\",\"target\":[\"https:\\\/\\\/www.neveclinic.ch\\\/en\\\/dental-care\\\/dental-check-up\\\/\"]}]},{\"@type\":\"BreadcrumbList\",\"@id\":\"https:\\\/\\\/www.neveclinic.ch\\\/en\\\/dental-care\\\/dental-check-up\\\/#breadcrumb\",\"itemListElement\":[{\"@type\":\"ListItem\",\"position\":1,\"name\":\"Accueil\",\"item\":\"https:\\\/\\\/www.neveclinic.ch\\\/\"},{\"@type\":\"ListItem\",\"position\":2,\"name\":\"Dental care\",\"item\":\"https:\\\/\\\/www.neveclinic.ch\\\/soins-dentaires\\\/\"},{\"@type\":\"ListItem\",\"position\":3,\"name\":\"Dental check-up\"}]},{\"@type\":\"WebSite\",\"@id\":\"https:\\\/\\\/www.neveclinic.ch\\\/#website\",\"url\":\"https:\\\/\\\/www.neveclinic.ch\\\/\",\"name\":\"N\u00e9v\u00e9 Clinique dentaire\",\"description\":\"M\u00e9decin dentiste \u00e0 Gen\u00e8ve pratique tous les soins dentaires\",\"potentialAction\":[{\"@type\":\"SearchAction\",\"target\":{\"@type\":\"EntryPoint\",\"urlTemplate\":\"https:\\\/\\\/www.neveclinic.ch\\\/?s={search_term_string}\"},\"query-input\":{\"@type\":\"PropertyValueSpecification\",\"valueRequired\":true,\"valueName\":\"search_term_string\"}}],\"inLanguage\":\"en-US\"}]}<\/script>\n<!-- \/ Yoast SEO plugin. -->","yoast_head_json":{"title":"Dental check-up - N\u00e9v\u00e9 Clinique dentaire - Geneva","description":"Meet our dental practitioners at N\u00e9v\u00e9 clinic in Geneva for a dental check-up and personalized care.","robots":{"index":"index","follow":"follow","max-snippet":"max-snippet:-1","max-image-preview":"max-image-preview:large","max-video-preview":"max-video-preview:-1"},"canonical":"https:\/\/www.neveclinic.ch\/en\/dental-care\/dental-check-up\/","og_locale":"en_US","og_type":"article","og_title":"Dental check-up - N\u00e9v\u00e9 Clinique dentaire - Geneva","og_description":"Meet our dental practitioners at N\u00e9v\u00e9 clinic in Geneva for a dental check-up and personalized care.","og_url":"https:\/\/www.neveclinic.ch\/en\/dental-care\/dental-check-up\/","og_site_name":"N\u00e9v\u00e9 Clinique dentaire","article_publisher":"https:\/\/www.facebook.com\/neveclinic.ch\/","article_modified_time":"2024-11-25T12:39:45+00:00","twitter_card":"summary_large_image","twitter_site":"@neveclinic","twitter_misc":{"Est. reading time":"16 minutes"},"schema":{"@context":"https:\/\/schema.org","@graph":[{"@type":"WebPage","@id":"https:\/\/www.neveclinic.ch\/en\/dental-care\/dental-check-up\/","url":"https:\/\/www.neveclinic.ch\/en\/dental-care\/dental-check-up\/","name":"Dental check-up - N\u00e9v\u00e9 Clinique dentaire - Geneva","isPartOf":{"@id":"https:\/\/www.neveclinic.ch\/#website"},"datePublished":"2024-07-15T11:41:05+00:00","dateModified":"2024-11-25T12:39:45+00:00","description":"Meet our dental practitioners at N\u00e9v\u00e9 clinic in Geneva for a dental check-up and personalized care.","breadcrumb":{"@id":"https:\/\/www.neveclinic.ch\/en\/dental-care\/dental-check-up\/#breadcrumb"},"inLanguage":"en-US","potentialAction":[{"@type":"ReadAction","target":["https:\/\/www.neveclinic.ch\/en\/dental-care\/dental-check-up\/"]}]},{"@type":"BreadcrumbList","@id":"https:\/\/www.neveclinic.ch\/en\/dental-care\/dental-check-up\/#breadcrumb","itemListElement":[{"@type":"ListItem","position":1,"name":"Accueil","item":"https:\/\/www.neveclinic.ch\/"},{"@type":"ListItem","position":2,"name":"Dental care","item":"https:\/\/www.neveclinic.ch\/soins-dentaires\/"},{"@type":"ListItem","position":3,"name":"Dental check-up"}]},{"@type":"WebSite","@id":"https:\/\/www.neveclinic.ch\/#website","url":"https:\/\/www.neveclinic.ch\/","name":"N\u00e9v\u00e9 Clinique dentaire","description":"M\u00e9decin dentiste \u00e0 Gen\u00e8ve pratique tous les soins dentaires","potentialAction":[{"@type":"SearchAction","target":{"@type":"EntryPoint","urlTemplate":"https:\/\/www.neveclinic.ch\/?s={search_term_string}"},"query-input":{"@type":"PropertyValueSpecification","valueRequired":true,"valueName":"search_term_string"}}],"inLanguage":"en-US"}]}},"_links":{"self":[{"href":"https:\/\/www.neveclinic.ch\/en\/wp-json\/wp\/v2\/pages\/7712","targetHints":{"allow":["GET"]}}],"collection":[{"href":"https:\/\/www.neveclinic.ch\/en\/wp-json\/wp\/v2\/pages"}],"about":[{"href":"https:\/\/www.neveclinic.ch\/en\/wp-json\/wp\/v2\/types\/page"}],"author":[{"embeddable":true,"href":"https:\/\/www.neveclinic.ch\/en\/wp-json\/wp\/v2\/users\/3"}],"replies":[{"embeddable":true,"href":"https:\/\/www.neveclinic.ch\/en\/wp-json\/wp\/v2\/comments?post=7712"}],"version-history":[{"count":3,"href":"https:\/\/www.neveclinic.ch\/en\/wp-json\/wp\/v2\/pages\/7712\/revisions"}],"predecessor-version":[{"id":9476,"href":"https:\/\/www.neveclinic.ch\/en\/wp-json\/wp\/v2\/pages\/7712\/revisions\/9476"}],"up":[{"embeddable":true,"href":"https:\/\/www.neveclinic.ch\/en\/wp-json\/wp\/v2\/pages\/8472"}],"wp:attachment":[{"href":"https:\/\/www.neveclinic.ch\/en\/wp-json\/wp\/v2\/media?parent=7712"}],"curies":[{"name":"wp","href":"https:\/\/api.w.org\/{rel}","templated":true}]}}