{"id":2484,"date":"2017-03-17T12:25:11","date_gmt":"2017-03-17T11:25:11","guid":{"rendered":"http:\/\/www.neveclinic.ch\/parodontologie-geneve\/"},"modified":"2024-09-11T10:10:52","modified_gmt":"2024-09-11T08:10:52","slug":"periodontics","status":"publish","type":"page","link":"https:\/\/www.neveclinic.ch\/en\/periodontics\/","title":{"rendered":"Periodontics"},"content":{"rendered":"\n<style type=\"text\/css\" data-created_by=\"avia_inline_auto\" id=\"style-css-av-7omii-60eb137ae9fd823667866fb53347ef0e\">\n.avia-section.av-7omii-60eb137ae9fd823667866fb53347ef0e .av-parallax .av-parallax-inner{\nbackground-repeat:no-repeat;\nbackground-image:url(https:\/\/www.neveclinic.ch\/wp-content\/uploads\/iStock-481994696-scaled.jpg);\nbackground-position:50% 100%;\nbackground-attachment:scroll;\n}\n<\/style>\n<div id='av_section_1'  class='avia-section av-7omii-60eb137ae9fd823667866fb53347ef0e main_color avia-section-huge avia-no-shadow  avia-builder-el-0  el_before_av_section  avia-builder-el-first  av-small-hide av-mini-hide avia-full-stretch av-parallax-section avia-bg-style-parallax av-minimum-height av-minimum-height-100 av-height-100  container_wrap sidebar_right'  data-section-bg-repeat='stretch' data-av_minimum_height_pc='100' data-av_min_height_opt='100'><div class='av-parallax' data-avia-parallax-ratio='0.3' ><div class='av-parallax-inner main_color avia-full-stretch'><\/div><\/div><div class='container av-section-cont-open' ><main  role=\"main\" itemprop=\"mainContentOfPage\"  class='template-page content  av-content-small alpha units'><div class='post-entry post-entry-type-page post-entry-2484'><div class='entry-content-wrapper clearfix'>\n\n<style type=\"text\/css\" data-created_by=\"avia_inline_auto\" id=\"style-css-av-k8wpsb29-746cbccd325ae3642bf205120b8e1e7a\">\n#top .av-special-heading.av-k8wpsb29-746cbccd325ae3642bf205120b8e1e7a{\npadding-bottom:10px;\ncolor:#ffffff;\nfont-size:34px;\n}\nbody .av-special-heading.av-k8wpsb29-746cbccd325ae3642bf205120b8e1e7a .av-special-heading-tag .heading-char{\nfont-size:25px;\n}\n#top #wrap_all .av-special-heading.av-k8wpsb29-746cbccd325ae3642bf205120b8e1e7a .av-special-heading-tag{\nfont-size:34px;\n}\n.av-special-heading.av-k8wpsb29-746cbccd325ae3642bf205120b8e1e7a .special-heading-inner-border{\nborder-color:#ffffff;\n}\n.av-special-heading.av-k8wpsb29-746cbccd325ae3642bf205120b8e1e7a .av-subheading{\nfont-size:15px;\n}\n\n@media only screen and (min-width: 480px) and (max-width: 767px){ \n#top #wrap_all .av-special-heading.av-k8wpsb29-746cbccd325ae3642bf205120b8e1e7a .av-special-heading-tag{\nfont-size:0.8em;\n}\n}\n\n@media only screen and (max-width: 479px){ \n#top #wrap_all .av-special-heading.av-k8wpsb29-746cbccd325ae3642bf205120b8e1e7a .av-special-heading-tag{\nfont-size:0.8em;\n}\n}\n<\/style>\n<div  class='av-special-heading av-k8wpsb29-746cbccd325ae3642bf205120b8e1e7a av-special-heading-h1 custom-color-heading blockquote modern-quote  avia-builder-el-1  el_before_av_hr  avia-builder-el-first  av-inherit-size'><h1 class='av-special-heading-tag '  itemprop=\"headline\"  >Periodontics<\/h1><div class=\"special-heading-border\"><div class=\"special-heading-inner-border\"><\/div><\/div><\/div>\n\n<style type=\"text\/css\" data-created_by=\"avia_inline_auto\" id=\"style-css-av-5wduy-325089038ea925d776eeb6acb2c811ee\">\n#top .hr.av-5wduy-325089038ea925d776eeb6acb2c811ee{\nmargin-top:30px;\nmargin-bottom:30px;\n}\n.hr.av-5wduy-325089038ea925d776eeb6acb2c811ee .hr-inner{\nwidth:50px;\nborder-color:#ffffff;\n}\n<\/style>\n<div  class='hr av-5wduy-325089038ea925d776eeb6acb2c811ee hr-custom  avia-builder-el-2  el_after_av_heading  avia-builder-el-last  hr-left hr-icon-no'><span class='hr-inner inner-border-av-border-fat'><span class=\"hr-inner-style\"><\/span><\/span><\/div>\n<\/div><\/div><\/main><!-- close content main element --><\/div><\/div>\n<style type=\"text\/css\" data-created_by=\"avia_inline_auto\" id=\"style-css-av-nkzkc-7eb757cdeaff47882c2f75dde7a4dedc\">\n.avia-section.av-nkzkc-7eb757cdeaff47882c2f75dde7a4dedc .av-parallax .av-parallax-inner{\nbackground-color:#43d6e0;\nbackground-repeat:no-repeat;\nbackground-image:url(https:\/\/www.neveclinic.ch\/wp-content\/uploads\/Dentiste-image-de-fond.png), linear-gradient( to left, #43d6e0, rgba(67,214,224,0.58) );\nbackground-position:50% 50%;\nbackground-attachment:scroll;\n}\n<\/style>\n<div id='av_section_2'  class='avia-section av-nkzkc-7eb757cdeaff47882c2f75dde7a4dedc main_color avia-section-no-padding avia-no-shadow  avia-builder-el-3  el_after_av_section  el_before_av_section  av-desktop-hide av-medium-hide avia-full-stretch av-parallax-section avia-bg-style-parallax container_wrap sidebar_right'  data-section-bg-repeat='stretch'><div class='av-parallax' data-avia-parallax-ratio='0.3' ><div class='av-parallax-inner main_color avia-full-stretch'><\/div><\/div><div class='container av-section-cont-open' ><div class='template-page content  av-content-small alpha units'><div class='post-entry post-entry-type-page post-entry-2484'><div class='entry-content-wrapper clearfix'>\n\n<style type=\"text\/css\" data-created_by=\"avia_inline_auto\" id=\"style-css-av-kzwwg3lw-c01c023902c4b2e4b94cac9c689e92d7\">\n#top .av-special-heading.av-kzwwg3lw-c01c023902c4b2e4b94cac9c689e92d7{\nmargin:25px 0 0 0;\npadding-bottom:10px;\ncolor:#ffffff;\n}\nbody .av-special-heading.av-kzwwg3lw-c01c023902c4b2e4b94cac9c689e92d7 .av-special-heading-tag .heading-char{\nfont-size:25px;\n}\n.av-special-heading.av-kzwwg3lw-c01c023902c4b2e4b94cac9c689e92d7 .special-heading-inner-border{\nborder-color:#ffffff;\n}\n.av-special-heading.av-kzwwg3lw-c01c023902c4b2e4b94cac9c689e92d7 .av-subheading{\nfont-size:15px;\n}\n\n@media only screen and (max-width: 479px){ \n#top #wrap_all .av-special-heading.av-kzwwg3lw-c01c023902c4b2e4b94cac9c689e92d7 .av-special-heading-tag{\nfont-size:28px;\n}\n}\n<\/style>\n<div  class='av-special-heading av-kzwwg3lw-c01c023902c4b2e4b94cac9c689e92d7 av-special-heading-h2 custom-color-heading blockquote modern-quote modern-centered  avia-builder-el-4  el_before_av_hr  avia-builder-el-first '><h2 class='av-special-heading-tag '  itemprop=\"headline\"  >Periodontics<\/h2><div class=\"special-heading-border\"><div class=\"special-heading-inner-border\"><\/div><\/div><\/div>\n\n<style type=\"text\/css\" data-created_by=\"avia_inline_auto\" id=\"style-css-av-flh98-8118cde149c310eaebf2ca0015e208be\">\n#top .hr.av-flh98-8118cde149c310eaebf2ca0015e208be{\nmargin-top:30px;\nmargin-bottom:30px;\n}\n.hr.av-flh98-8118cde149c310eaebf2ca0015e208be .hr-inner{\nwidth:50px;\nborder-color:#ffffff;\n}\n<\/style>\n<div  class='hr av-flh98-8118cde149c310eaebf2ca0015e208be hr-custom  avia-builder-el-5  el_after_av_heading  avia-builder-el-last  hr-center hr-icon-no'><span class='hr-inner inner-border-av-border-fat'><span class=\"hr-inner-style\"><\/span><\/span><\/div>\n<\/p>\n<\/div><\/div><\/div><!-- close content main div --><\/div><\/div><div id='av_section_3'  class='avia-section av-adwxw-57e7307426ebf5197b2e5103cd874a44 main_color avia-section-default avia-no-border-styling  avia-builder-el-6  el_after_av_section  el_before_av_section  av-desktop-hide av-medium-hide avia-bg-style-scroll container_wrap sidebar_right'  ><div class='container av-section-cont-open' ><div class='template-page content  av-content-small alpha units'><div class='post-entry post-entry-type-page post-entry-2484'><div class='entry-content-wrapper clearfix'>\n\n<style type=\"text\/css\" data-created_by=\"avia_inline_auto\" id=\"style-css-av-kzwwgqet-1c264f0f03fcb0c326bfe5e8dda876b7\">\n.avia-image-container.av-kzwwgqet-1c264f0f03fcb0c326bfe5e8dda876b7 img.avia_image{\nbox-shadow:none;\n}\n.avia-image-container.av-kzwwgqet-1c264f0f03fcb0c326bfe5e8dda876b7 .av-caption-image-overlay-bg{\nopacity:0.4;\n}\n<\/style>\n<div  class='avia-image-container av-kzwwgqet-1c264f0f03fcb0c326bfe5e8dda876b7 av-styling- av-img-linked avia-align-center  avia-builder-el-7  avia-builder-el-no-sibling  noHover av-overlay-hover-deactivate'   itemprop=\"image\" itemscope=\"itemscope\" itemtype=\"https:\/\/schema.org\/ImageObject\" ><div class=\"avia-image-container-inner\"><div class=\"avia-image-overlay-wrap\"><a href=\"https:\/\/www.neveclinic.ch\/wp-content\/uploads\/iStock-481994696-1030x824.jpg\" data-srcset=\"https:\/\/www.neveclinic.ch\/wp-content\/uploads\/iStock-481994696-1030x824.jpg 1030w, https:\/\/www.neveclinic.ch\/wp-content\/uploads\/iStock-481994696-300x240.jpg 300w, https:\/\/www.neveclinic.ch\/wp-content\/uploads\/iStock-481994696-768x614.jpg 768w, https:\/\/www.neveclinic.ch\/wp-content\/uploads\/iStock-481994696-1536x1229.jpg 1536w, https:\/\/www.neveclinic.ch\/wp-content\/uploads\/iStock-481994696-2048x1638.jpg 2048w, https:\/\/www.neveclinic.ch\/wp-content\/uploads\/iStock-481994696-1500x1200.jpg 1500w, https:\/\/www.neveclinic.ch\/wp-content\/uploads\/iStock-481994696-705x564.jpg 705w\" data-sizes=\"(max-width: 1030px) 100vw, 1030px\" class='avia_image '  aria-label='iStock-481994696'><div class=\"av-image-caption-overlay\"><div class=\"av-caption-image-overlay-bg\"><\/div><div class=\"av-image-caption-overlay-position\"><div class=\"av-image-caption-overlay-center\"><\/div><\/div><\/div><img decoding=\"async\" fetchpriority=\"high\" class='wp-image-7464 avia-img-lazy-loading-not-7464 avia_image ' src=\"https:\/\/www.neveclinic.ch\/wp-content\/uploads\/iStock-481994696-scaled.jpg\" alt='' title='iStock-481994696'  height=\"2048\" width=\"2560\"  itemprop=\"thumbnailUrl\" srcset=\"https:\/\/www.neveclinic.ch\/wp-content\/uploads\/iStock-481994696-scaled.jpg 2560w, https:\/\/www.neveclinic.ch\/wp-content\/uploads\/iStock-481994696-300x240.jpg 300w, https:\/\/www.neveclinic.ch\/wp-content\/uploads\/iStock-481994696-1030x824.jpg 1030w, https:\/\/www.neveclinic.ch\/wp-content\/uploads\/iStock-481994696-768x614.jpg 768w, https:\/\/www.neveclinic.ch\/wp-content\/uploads\/iStock-481994696-1536x1229.jpg 1536w, https:\/\/www.neveclinic.ch\/wp-content\/uploads\/iStock-481994696-2048x1638.jpg 2048w, https:\/\/www.neveclinic.ch\/wp-content\/uploads\/iStock-481994696-1500x1200.jpg 1500w, https:\/\/www.neveclinic.ch\/wp-content\/uploads\/iStock-481994696-705x564.jpg 705w\" sizes=\"(max-width: 2560px) 100vw, 2560px\" \/><\/a><\/div><\/div><\/div>\n\n<\/div><\/div><\/div><!-- close content main div --><\/div><\/div><div id='av_section_4'  class='avia-section av-4qy89m-09ca696d43a26b5b32bb68f0b094bf0c main_color avia-section-default avia-no-border-styling  avia-builder-el-8  el_after_av_section  avia-builder-el-last  avia-bg-style-scroll container_wrap sidebar_right'  ><div class='container av-section-cont-open' ><div class='template-page content  av-content-small alpha units'><div class='post-entry post-entry-type-page post-entry-2484'><div class='entry-content-wrapper clearfix'>\n\n<style type=\"text\/css\" data-created_by=\"avia_inline_auto\" id=\"style-css-av-ke408wpb-a5873afe8aaf2d47e147bd6c1eea5aa2\">\n#top .av-special-heading.av-ke408wpb-a5873afe8aaf2d47e147bd6c1eea5aa2{\npadding-bottom:10px;\nfont-size:28px;\n}\nbody .av-special-heading.av-ke408wpb-a5873afe8aaf2d47e147bd6c1eea5aa2 .av-special-heading-tag .heading-char{\nfont-size:25px;\n}\n#top #wrap_all .av-special-heading.av-ke408wpb-a5873afe8aaf2d47e147bd6c1eea5aa2 .av-special-heading-tag{\nfont-size:28px;\n}\n.av-special-heading.av-ke408wpb-a5873afe8aaf2d47e147bd6c1eea5aa2 .av-subheading{\nfont-size:15px;\n}\n\n@media only screen and (min-width: 480px) and (max-width: 767px){ \n#top #wrap_all .av-special-heading.av-ke408wpb-a5873afe8aaf2d47e147bd6c1eea5aa2 .av-special-heading-tag{\nfont-size:0.8em;\n}\n}\n\n@media only screen and (max-width: 479px){ \n#top #wrap_all .av-special-heading.av-ke408wpb-a5873afe8aaf2d47e147bd6c1eea5aa2 .av-special-heading-tag{\nfont-size:0.8em;\n}\n}\n<\/style>\n<div  class='av-special-heading av-ke408wpb-a5873afe8aaf2d47e147bd6c1eea5aa2 av-special-heading-h3 blockquote modern-quote  avia-builder-el-9  el_before_av_hr  avia-builder-el-first  av-inherit-size'><h3 class='av-special-heading-tag '  itemprop=\"headline\"  >Treatment of periodontitis in Geneva<\/h3><div class=\"special-heading-border\"><div class=\"special-heading-inner-border\"><\/div><\/div><\/div>\n\n<style type=\"text\/css\" data-created_by=\"avia_inline_auto\" id=\"style-css-av-2hlrvu-9d8e52c6c04a7080499cf05bdd21fabd\">\n#top .hr.av-2hlrvu-9d8e52c6c04a7080499cf05bdd21fabd{\nmargin-top:30px;\nmargin-bottom:30px;\n}\n.hr.av-2hlrvu-9d8e52c6c04a7080499cf05bdd21fabd .hr-inner{\nwidth:50px;\nborder-color:#000000;\n}\n<\/style>\n<div  class='hr av-2hlrvu-9d8e52c6c04a7080499cf05bdd21fabd hr-custom  avia-builder-el-10  el_after_av_heading  el_before_av_textblock  hr-left hr-icon-no'><span class='hr-inner inner-border-av-border-fat'><span class=\"hr-inner-style\"><\/span><\/span><\/div>\n\n<style type=\"text\/css\" data-created_by=\"avia_inline_auto\" id=\"style-css-av-h1fmk-e336c5407c18bda90851d5b551a39006\">\n#top .av_textblock_section.av-h1fmk-e336c5407c18bda90851d5b551a39006 .avia_textblock{\nfont-size:15px;\n}\n<\/style>\n<section  class='av_textblock_section av-h1fmk-e336c5407c18bda90851d5b551a39006 '   itemscope=\"itemscope\" itemtype=\"https:\/\/schema.org\/CreativeWork\" ><div class='avia_textblock'  itemprop=\"text\" ><p>Welcome to N\u00e9v\u00e9 dental clinic, located in the heart of Geneva. We offer advanced periodontal care. Our team of periodontology specialists meets all your gum health needs. Indeed, we combine professionalism, modernity, and a constant concern for your well-being.<\/p>\n<h4>Why seek periodontal treatment?<\/h4>\n<p>We go well beyond simple gum care. In periodontology, we offer a wide range of treatments. These treatments aim to prevent, diagnose, and treat periodontal diseases. These diseases affect the gums and the supporting structures of the teeth. Good periodontal health is essential for preserving your teeth. Consequently, it improves your quality of life. Whether you suffer from gingivitis, periodontitis, or other periodontal conditions, we tailor our personalized interventions to your specific needs.<\/p>\n<h4>Our approach: professionalism and humanity<\/h4>\n<p>At N\u00e9v\u00e9, we believe in an integrated and humane approach to periodontology. From your first consultation, our dedicated team takes the time to listen to your concerns. Additionally, we answer your questions. Thus, we aim to offer you a reassuring and stress-free experience. Furthermore, we provide clear and detailed explanations of each step of your treatment.<\/p>\n<h4>The various periodontal treatments we offer:<\/h4>\n<h5>Non-surgical treatment:<\/h5>\n<p>We treat gum diseases of bacterial origin by eliminating the cause. This includes precise measurements of various parameters of your gums and several sessions of subgingival cleaning. In addition, we add different treatments according to your case. About 2 months later, we conduct a new clinical examination and compare the new measurements with those from the initial examination. Approximately 80% of cases can be treated without surgery, depending on the type and progression of the disease.<\/p>\n<h5>Surgical treatment:<\/h5>\n<p>In cases of more severe conditions, we proceed with surgical treatment if necessary. However, we always favor non-surgical treatment when the prognosis is similar.<\/p>\n<h5>Tissue regeneration:<\/h5>\n<p>For severe conditions, we offer tissue regeneration treatments. These treatments correct the sequelae of the disease. They optimize the attachment of your gums and rebuild lost bone.<\/p>\n<h5>Pre-prosthetic surgery:<\/h5>\n<p>We manage the peri-prosthetic gingival tissues to restore gingival health. Thus, we improve aesthetics and prolong the lifespan of dental prostheses.<\/p>\n<h5>Bacterial analysis:<\/h5>\n<p>In certain specific cases, we conduct additional analyses. This allows us to make an accurate diagnosis and evaluate your response to treatments.<\/p>\n<h5>Supportive treatment:<\/h5>\n<p>We establish a strict supportive treatment to control and prevent a possible recurrence of periodontal disease. These treatments include control and cleaning visits with the dental hygienist every 3 months.<\/p>\n<h5>Periodontal plastic surgery:<\/h5>\n<p>We improve the positioning and appearance of your gums. This is a major criterion for the aesthetics of your smile. The techniques of gum plastic surgery have greatly improved in recent years. Consequently, they limit postoperative consequences and offer much more aesthetic results.<\/p>\n<p>In summary, we are here to help you regain and maintain optimal periodontal health. Do not hesitate to contact us for more information or to schedule a consultation.<\/p>\n<\/div><\/section>\n<div  class='av_promobox av-2x1bvu-e3c1d18a75c497e25b1d041a2b6c655f avia-button-yes  avia-builder-el-12  el_after_av_textblock  avia-builder-el-last '><div class='avia-promocontent'><p>For more information, click to schedule an appointment at N\u00e9v\u00e9 Clinic:<\/p>\n<\/div><div  class='avia-button-wrap av-2x1bvu-f45d2f0bba290ecc1d817b5fc0d16b7c-wrap avia-button-right '>\n<style type=\"text\/css\" data-created_by=\"avia_inline_auto\" id=\"style-css-av-2x1bvu-f45d2f0bba290ecc1d817b5fc0d16b7c\">\n#top #wrap_all .avia-button.av-2x1bvu-f45d2f0bba290ecc1d817b5fc0d16b7c{\nbackground-color:#43d6e0;\nborder-color:#43d6e0;\ncolor:#ffffff;\ntransition:all 0.4s ease-in-out;\n}\n#top #wrap_all .avia-button.av-2x1bvu-f45d2f0bba290ecc1d817b5fc0d16b7c .avia-svg-icon svg:first-child{\nfill:#ffffff;\nstroke:#ffffff;\n}\n<\/style>\n<a href='https:\/\/www.neveclinic.ch\/en\/make-an-appointment-online\/'  class='avia-button av-2x1bvu-f45d2f0bba290ecc1d817b5fc0d16b7c av-link-btn avia-icon_select-yes-left-icon avia-size-large avia-position-right'   aria-label=\"Make an Appointment\"><span class='avia_button_icon avia_button_icon_left avia-iconfont avia-font-entypo-fontello' data-av_icon='\ue841' data-av_iconfont='entypo-fontello' ><\/span><span class='avia_iconbox_title' >Make an Appointment<\/span><\/a><\/div><\/div>\n<\/div><\/div><\/div><!-- close content main div --><\/div><\/div><div id='after_section_4'  class='main_color av_default_container_wrap container_wrap sidebar_right'  ><div class='container av-section-cont-open' ><div class='template-page content  av-content-small alpha units'><div class='post-entry post-entry-type-page post-entry-2484'><div class='entry-content-wrapper clearfix'>\n","protected":false},"excerpt":{"rendered":"","protected":false},"author":3,"featured_media":0,"parent":0,"menu_order":0,"comment_status":"closed","ping_status":"closed","template":"","meta":{"_yoast_wpseo_focuskw":"Periodontics","_yoast_wpseo_title":"%%title%% %%page%% %%sep%% %%sitename%% %%sep%% Geneva","_yoast_wpseo_metadesc":"Discover periodontal treatment procedures, performed by specialists in periodontology at N\u00e9v\u00e9 Dental Clinic in Geneva.","rank_math_description":"","rank_math_focus_keyword":"","rank_math_title":"","footnotes":""},"class_list":["post-2484","page","type-page","status-publish","hentry"],"yoast_head":"<!-- This site is optimized with the Yoast SEO plugin v27.3 - https:\/\/yoast.com\/product\/yoast-seo-wordpress\/ -->\n<title>Periodontics - N\u00e9v\u00e9 Clinique dentaire - Geneva<\/title>\n<meta name=\"description\" content=\"Discover periodontal treatment procedures, performed by specialists in periodontology at N\u00e9v\u00e9 Dental Clinic in Geneva.\" \/>\n<meta name=\"robots\" content=\"index, follow, max-snippet:-1, max-image-preview:large, max-video-preview:-1\" \/>\n<link rel=\"canonical\" href=\"https:\/\/www.neveclinic.ch\/parodontologie\/\" \/>\n<meta property=\"og:locale\" content=\"en_US\" \/>\n<meta property=\"og:type\" content=\"article\" \/>\n<meta property=\"og:title\" content=\"Periodontics - N\u00e9v\u00e9 Clinique dentaire - Geneva\" \/>\n<meta property=\"og:description\" content=\"Discover periodontal treatment procedures, performed by specialists in periodontology at N\u00e9v\u00e9 Dental Clinic in Geneva.\" \/>\n<meta property=\"og:url\" content=\"https:\/\/www.neveclinic.ch\/parodontologie\/\" \/>\n<meta property=\"og:site_name\" content=\"N\u00e9v\u00e9 Clinique dentaire\" \/>\n<meta property=\"article:publisher\" content=\"https:\/\/www.facebook.com\/neveclinic.ch\/\" \/>\n<meta property=\"article:modified_time\" content=\"2024-09-11T08:10:52+00:00\" \/>\n<meta name=\"twitter:card\" content=\"summary_large_image\" \/>\n<meta name=\"twitter:site\" content=\"@neveclinic\" \/>\n<meta name=\"twitter:label1\" content=\"Est. reading time\" \/>\n\t<meta name=\"twitter:data1\" content=\"14 minutes\" \/>\n<script type=\"application\/ld+json\" class=\"yoast-schema-graph\">{\"@context\":\"https:\\\/\\\/schema.org\",\"@graph\":[{\"@type\":\"WebPage\",\"@id\":\"https:\\\/\\\/www.neveclinic.ch\\\/parodontologie\\\/\",\"url\":\"https:\\\/\\\/www.neveclinic.ch\\\/parodontologie\\\/\",\"name\":\"Periodontics - N\u00e9v\u00e9 Clinique dentaire - Geneva\",\"isPartOf\":{\"@id\":\"https:\\\/\\\/www.neveclinic.ch\\\/#website\"},\"datePublished\":\"2017-03-17T11:25:11+00:00\",\"dateModified\":\"2024-09-11T08:10:52+00:00\",\"description\":\"Discover periodontal treatment procedures, performed by specialists in periodontology at N\u00e9v\u00e9 Dental Clinic in Geneva.\",\"breadcrumb\":{\"@id\":\"https:\\\/\\\/www.neveclinic.ch\\\/parodontologie\\\/#breadcrumb\"},\"inLanguage\":\"en-US\",\"potentialAction\":[{\"@type\":\"ReadAction\",\"target\":[\"https:\\\/\\\/www.neveclinic.ch\\\/parodontologie\\\/\"]}]},{\"@type\":\"BreadcrumbList\",\"@id\":\"https:\\\/\\\/www.neveclinic.ch\\\/parodontologie\\\/#breadcrumb\",\"itemListElement\":[{\"@type\":\"ListItem\",\"position\":1,\"name\":\"Accueil\",\"item\":\"https:\\\/\\\/www.neveclinic.ch\\\/\"},{\"@type\":\"ListItem\",\"position\":2,\"name\":\"Periodontics\"}]},{\"@type\":\"WebSite\",\"@id\":\"https:\\\/\\\/www.neveclinic.ch\\\/#website\",\"url\":\"https:\\\/\\\/www.neveclinic.ch\\\/\",\"name\":\"N\u00e9v\u00e9 Clinique dentaire\",\"description\":\"M\u00e9decin dentiste \u00e0 Gen\u00e8ve pratique tous les soins dentaires\",\"potentialAction\":[{\"@type\":\"SearchAction\",\"target\":{\"@type\":\"EntryPoint\",\"urlTemplate\":\"https:\\\/\\\/www.neveclinic.ch\\\/?s={search_term_string}\"},\"query-input\":{\"@type\":\"PropertyValueSpecification\",\"valueRequired\":true,\"valueName\":\"search_term_string\"}}],\"inLanguage\":\"en-US\"}]}<\/script>\n<!-- \/ Yoast SEO plugin. -->","yoast_head_json":{"title":"Periodontics - N\u00e9v\u00e9 Clinique dentaire - Geneva","description":"Discover periodontal treatment procedures, performed by specialists in periodontology at N\u00e9v\u00e9 Dental Clinic in Geneva.","robots":{"index":"index","follow":"follow","max-snippet":"max-snippet:-1","max-image-preview":"max-image-preview:large","max-video-preview":"max-video-preview:-1"},"canonical":"https:\/\/www.neveclinic.ch\/parodontologie\/","og_locale":"en_US","og_type":"article","og_title":"Periodontics - N\u00e9v\u00e9 Clinique dentaire - Geneva","og_description":"Discover periodontal treatment procedures, performed by specialists in periodontology at N\u00e9v\u00e9 Dental Clinic in Geneva.","og_url":"https:\/\/www.neveclinic.ch\/parodontologie\/","og_site_name":"N\u00e9v\u00e9 Clinique dentaire","article_publisher":"https:\/\/www.facebook.com\/neveclinic.ch\/","article_modified_time":"2024-09-11T08:10:52+00:00","twitter_card":"summary_large_image","twitter_site":"@neveclinic","twitter_misc":{"Est. reading time":"14 minutes"},"schema":{"@context":"https:\/\/schema.org","@graph":[{"@type":"WebPage","@id":"https:\/\/www.neveclinic.ch\/parodontologie\/","url":"https:\/\/www.neveclinic.ch\/parodontologie\/","name":"Periodontics - N\u00e9v\u00e9 Clinique dentaire - Geneva","isPartOf":{"@id":"https:\/\/www.neveclinic.ch\/#website"},"datePublished":"2017-03-17T11:25:11+00:00","dateModified":"2024-09-11T08:10:52+00:00","description":"Discover periodontal treatment procedures, performed by specialists in periodontology at N\u00e9v\u00e9 Dental Clinic in Geneva.","breadcrumb":{"@id":"https:\/\/www.neveclinic.ch\/parodontologie\/#breadcrumb"},"inLanguage":"en-US","potentialAction":[{"@type":"ReadAction","target":["https:\/\/www.neveclinic.ch\/parodontologie\/"]}]},{"@type":"BreadcrumbList","@id":"https:\/\/www.neveclinic.ch\/parodontologie\/#breadcrumb","itemListElement":[{"@type":"ListItem","position":1,"name":"Accueil","item":"https:\/\/www.neveclinic.ch\/"},{"@type":"ListItem","position":2,"name":"Periodontics"}]},{"@type":"WebSite","@id":"https:\/\/www.neveclinic.ch\/#website","url":"https:\/\/www.neveclinic.ch\/","name":"N\u00e9v\u00e9 Clinique dentaire","description":"M\u00e9decin dentiste \u00e0 Gen\u00e8ve pratique tous les soins dentaires","potentialAction":[{"@type":"SearchAction","target":{"@type":"EntryPoint","urlTemplate":"https:\/\/www.neveclinic.ch\/?s={search_term_string}"},"query-input":{"@type":"PropertyValueSpecification","valueRequired":true,"valueName":"search_term_string"}}],"inLanguage":"en-US"}]}},"_links":{"self":[{"href":"https:\/\/www.neveclinic.ch\/en\/wp-json\/wp\/v2\/pages\/2484","targetHints":{"allow":["GET"]}}],"collection":[{"href":"https:\/\/www.neveclinic.ch\/en\/wp-json\/wp\/v2\/pages"}],"about":[{"href":"https:\/\/www.neveclinic.ch\/en\/wp-json\/wp\/v2\/types\/page"}],"author":[{"embeddable":true,"href":"https:\/\/www.neveclinic.ch\/en\/wp-json\/wp\/v2\/users\/3"}],"replies":[{"embeddable":true,"href":"https:\/\/www.neveclinic.ch\/en\/wp-json\/wp\/v2\/comments?post=2484"}],"version-history":[{"count":3,"href":"https:\/\/www.neveclinic.ch\/en\/wp-json\/wp\/v2\/pages\/2484\/revisions"}],"predecessor-version":[{"id":9232,"href":"https:\/\/www.neveclinic.ch\/en\/wp-json\/wp\/v2\/pages\/2484\/revisions\/9232"}],"wp:attachment":[{"href":"https:\/\/www.neveclinic.ch\/en\/wp-json\/wp\/v2\/media?parent=2484"}],"curies":[{"name":"wp","href":"https:\/\/api.w.org\/{rel}","templated":true}]}}